{"id":1981,"date":"2019-01-25T14:03:48","date_gmt":"2019-01-25T12:03:48","guid":{"rendered":"https:\/\/bardoleat.com\/prodotto\/extra-vergine-olivenol-le-colline-0-75l\/"},"modified":"2026-01-29T16:33:23","modified_gmt":"2026-01-29T14:33:23","slug":"extra-vergine-olivenol-le-colline-0-75l","status":"publish","type":"product","link":"https:\/\/bardoleat.com\/de\/prodotto\/extra-vergine-olivenol-le-colline-0-75l\/","title":{"rendered":"Natives Oliven\u00f6l Extra aus Italien &#8220;Le Colline&#8221; 0,75L"},"content":{"rendered":"<p>Sein harmonischer und ausgeglichener Geschmack und der niedrige S\u00e4uregrad machen aus ihm eine W\u00fcrzung h\u00f6chster Qualit\u00e4t, vor allem bei rohem Gebrauch um den Geschmack vieler traditioneller und moderner Speisen hervorzuheben.<\/p>\n<p>Oliven\u00f6l von Licht und W\u00e4rme fernhalten.<\/p>\n","protected":false},"excerpt":{"rendered":"<p>Inhalt: 0.75 l<\/p>\n<div class=\"pb-center-column col-xs-12 col-sm-12 col-md-5\">\n<div id=\"short_description_block\">\n<div id=\"short_description_content\" class=\"rte align_justify\">\n<p>Ein aus ausschlie\u00dflich italienischen Oliven h\u00f6chster Qualit\u00e4t gewonnenes \u00d6l, weist dieses Oliven\u00f6l Extravergine hervorragende organoleptische Eigenschaften auf und wird von den anspruchvollsten Kennern gesch\u00e4tzt.<\/p>\n<p><strong>Kaltgepresst<\/strong>. <span style=\"color: #99cc00;\">Vegan OK<\/span>.<\/p>\n<\/div>\n<\/div>\n<\/div>\n","protected":false},"featured_media":1788,"comment_status":"open","ping_status":"closed","template":"","meta":[],"product_brand":[],"product_cat":[58],"product_tag":[],"class_list":{"0":"post-1981","1":"product","2":"type-product","3":"status-publish","4":"has-post-thumbnail","6":"product_cat-olivenol","8":"first","9":"instock","10":"shipping-taxable","11":"purchasable","12":"product-type-simple"},"_links":{"self":[{"href":"https:\/\/bardoleat.com\/de\/wp-json\/wp\/v2\/product\/1981","targetHints":{"allow":["GET"]}}],"collection":[{"href":"https:\/\/bardoleat.com\/de\/wp-json\/wp\/v2\/product"}],"about":[{"href":"https:\/\/bardoleat.com\/de\/wp-json\/wp\/v2\/types\/product"}],"replies":[{"embeddable":true,"href":"https:\/\/bardoleat.com\/de\/wp-json\/wp\/v2\/comments?post=1981"}],"version-history":[{"count":2,"href":"https:\/\/bardoleat.com\/de\/wp-json\/wp\/v2\/product\/1981\/revisions"}],"predecessor-version":[{"id":18579,"href":"https:\/\/bardoleat.com\/de\/wp-json\/wp\/v2\/product\/1981\/revisions\/18579"}],"wp:featuredmedia":[{"embeddable":true,"href":"https:\/\/bardoleat.com\/de\/wp-json\/wp\/v2\/media\/1788"}],"wp:attachment":[{"href":"https:\/\/bardoleat.com\/de\/wp-json\/wp\/v2\/media?parent=1981"}],"wp:term":[{"taxonomy":"product_brand","embeddable":true,"href":"https:\/\/bardoleat.com\/de\/wp-json\/wp\/v2\/product_brand?post=1981"},{"taxonomy":"product_cat","embeddable":true,"href":"https:\/\/bardoleat.com\/de\/wp-json\/wp\/v2\/product_cat?post=1981"},{"taxonomy":"product_tag","embeddable":true,"href":"https:\/\/bardoleat.com\/de\/wp-json\/wp\/v2\/product_tag?post=1981"}],"curies":[{"name":"wp","href":"https:\/\/api.w.org\/{rel}","templated":true}]}}