{"id":1991,"date":"2019-01-24T14:41:37","date_gmt":"2019-01-24T14:41:37","guid":{"rendered":"https:\/\/bardoleat.com\/prodotto\/apfelessig-melissima\/"},"modified":"2024-06-28T10:20:11","modified_gmt":"2024-06-28T08:20:11","slug":"apfelessig-melissima","status":"publish","type":"product","link":"https:\/\/bardoleat.com\/de\/prodotto\/apfelessig-melissima\/","title":{"rendered":"Apfelessig &#8220;Melissima&#8221;"},"content":{"rendered":"<p>Nat\u00fcrlich mit Liebe in Italien hergestellt.<\/p>\n<p>Enth\u00e4lt Sulfite.<\/p>\n","protected":false},"excerpt":{"rendered":"<p><strong>Inhalt: 250 ml<\/strong><\/p>\n<p>80%\u00a0Apfelsaft<\/p>\n<p>20% Essig<\/p>\n<p>Unser Apfelessig ist ein sehr dichtes und s\u00fc\u00dfes Produkt, das \u00fcber einen langen Zeitraum in kleinen F\u00e4ssern gereift ist. Es zeichnet sich durch eine starke balsamische Konnotation aus. Es ist die ideale W\u00fcrze auf Braten, Flans, Salaten und allen Gem\u00fcsesorten.<\/p>\n<p>Wussten Sie, dass Sie es auch f\u00fcr Risotto, auf K\u00e4se und zum Verfeinern von Desserts verwenden k\u00f6nnen?<\/p>\n<p>Wir haben es wirklich an allem ausprobiert und das Ergebnis war \u00fcberraschend.<\/p>\n","protected":false},"featured_media":12518,"comment_status":"open","ping_status":"closed","template":"","meta":[],"product_brand":[],"product_cat":[64],"product_tag":[],"class_list":{"0":"post-1991","1":"product","2":"type-product","3":"status-publish","4":"has-post-thumbnail","6":"product_cat-essig","8":"first","9":"instock","10":"shipping-taxable","11":"purchasable","12":"product-type-simple"},"_links":{"self":[{"href":"https:\/\/bardoleat.com\/de\/wp-json\/wp\/v2\/product\/1991","targetHints":{"allow":["GET"]}}],"collection":[{"href":"https:\/\/bardoleat.com\/de\/wp-json\/wp\/v2\/product"}],"about":[{"href":"https:\/\/bardoleat.com\/de\/wp-json\/wp\/v2\/types\/product"}],"replies":[{"embeddable":true,"href":"https:\/\/bardoleat.com\/de\/wp-json\/wp\/v2\/comments?post=1991"}],"version-history":[{"count":0,"href":"https:\/\/bardoleat.com\/de\/wp-json\/wp\/v2\/product\/1991\/revisions"}],"wp:featuredmedia":[{"embeddable":true,"href":"https:\/\/bardoleat.com\/de\/wp-json\/wp\/v2\/media\/12518"}],"wp:attachment":[{"href":"https:\/\/bardoleat.com\/de\/wp-json\/wp\/v2\/media?parent=1991"}],"wp:term":[{"taxonomy":"product_brand","embeddable":true,"href":"https:\/\/bardoleat.com\/de\/wp-json\/wp\/v2\/product_brand?post=1991"},{"taxonomy":"product_cat","embeddable":true,"href":"https:\/\/bardoleat.com\/de\/wp-json\/wp\/v2\/product_cat?post=1991"},{"taxonomy":"product_tag","embeddable":true,"href":"https:\/\/bardoleat.com\/de\/wp-json\/wp\/v2\/product_tag?post=1991"}],"curies":[{"name":"wp","href":"https:\/\/api.w.org\/{rel}","templated":true}]}}