{"id":1999,"date":"2019-01-24T14:08:22","date_gmt":"2019-01-24T12:08:22","guid":{"rendered":"https:\/\/bardoleat.com\/prodotto\/extra-vergine-olivenol-classico-0-25l\/"},"modified":"2026-01-29T16:28:34","modified_gmt":"2026-01-29T14:28:34","slug":"extra-vergine-olivenol-classico-0-25l","status":"publish","type":"product","link":"https:\/\/bardoleat.com\/de\/prodotto\/extra-vergine-olivenol-classico-0-25l\/","title":{"rendered":"Natives Oliven\u00f6l Extra &#8220;Classico&#8221; 0,25L"},"content":{"rendered":"<p>Oliven\u00f6l von Licht und W\u00e4rme fernhalten.<\/p>\n","protected":false},"excerpt":{"rendered":"<p>Inhalt: 0.25 l<\/p>\n<p>Nach der alten Tradition der Herstellung von italienischen Oliven\u00f6len entsteht ein einzigartiges Produkt, mit ausgezeichneter Qualit\u00e4t und organoleptischen Eigenschaften.<\/p>\n<p>Dieses Oliven\u00f6l ist ein extra natives 100% hochwertige italienische Oliven\u00f6l, ausschlie\u00dflich aus ausgew\u00e4hlten Oliven, welche kalt gepresst verarbeitet werden.<\/p>\n<p>Produkt <strong>kaltgepresst<\/strong>.<\/p>\n","protected":false},"featured_media":17927,"comment_status":"open","ping_status":"closed","template":"","meta":[],"product_brand":[],"product_cat":[58],"product_tag":[],"class_list":{"0":"post-1999","1":"product","2":"type-product","3":"status-publish","4":"has-post-thumbnail","6":"product_cat-olivenol","8":"first","9":"instock","10":"shipping-taxable","11":"purchasable","12":"product-type-simple"},"_links":{"self":[{"href":"https:\/\/bardoleat.com\/de\/wp-json\/wp\/v2\/product\/1999","targetHints":{"allow":["GET"]}}],"collection":[{"href":"https:\/\/bardoleat.com\/de\/wp-json\/wp\/v2\/product"}],"about":[{"href":"https:\/\/bardoleat.com\/de\/wp-json\/wp\/v2\/types\/product"}],"replies":[{"embeddable":true,"href":"https:\/\/bardoleat.com\/de\/wp-json\/wp\/v2\/comments?post=1999"}],"version-history":[{"count":3,"href":"https:\/\/bardoleat.com\/de\/wp-json\/wp\/v2\/product\/1999\/revisions"}],"predecessor-version":[{"id":18562,"href":"https:\/\/bardoleat.com\/de\/wp-json\/wp\/v2\/product\/1999\/revisions\/18562"}],"wp:featuredmedia":[{"embeddable":true,"href":"https:\/\/bardoleat.com\/de\/wp-json\/wp\/v2\/media\/17927"}],"wp:attachment":[{"href":"https:\/\/bardoleat.com\/de\/wp-json\/wp\/v2\/media?parent=1999"}],"wp:term":[{"taxonomy":"product_brand","embeddable":true,"href":"https:\/\/bardoleat.com\/de\/wp-json\/wp\/v2\/product_brand?post=1999"},{"taxonomy":"product_cat","embeddable":true,"href":"https:\/\/bardoleat.com\/de\/wp-json\/wp\/v2\/product_cat?post=1999"},{"taxonomy":"product_tag","embeddable":true,"href":"https:\/\/bardoleat.com\/de\/wp-json\/wp\/v2\/product_tag?post=1999"}],"curies":[{"name":"wp","href":"https:\/\/api.w.org\/{rel}","templated":true}]}}