{"id":2003,"date":"2019-01-24T13:56:41","date_gmt":"2019-01-24T13:56:41","guid":{"rendered":"https:\/\/bardoleat.com\/prodotto\/korperwasche-mit-olivenol\/"},"modified":"2020-05-10T02:24:08","modified_gmt":"2020-05-10T00:24:08","slug":"korperwasche-mit-olivenol","status":"publish","type":"product","link":"https:\/\/bardoleat.com\/de\/prodotto\/korperwasche-mit-olivenol\/","title":{"rendered":"K\u00f6rperw\u00e4sche mit oliven\u00f6l"},"content":{"rendered":"","protected":false},"excerpt":{"rendered":"<p>Inhalt: 500 ml<\/p>\n<div class=\"pb-center-column col-xs-12 col-sm-12 col-md-5\">\n<div id=\"short_description_block\">\n<div id=\"short_description_content\" class=\"rte align_justify\">\n<p>Duschgel mit pflanzlichen Inhaltsstoffen. Reinigt sanft die Haut, w\u00e4hrend das nat\u00fcrliche Gleichgewicht zu respektieren. Angenehmen Duft.<\/p>\n<\/div>\n<\/div>\n<\/div>\n","protected":false},"featured_media":1514,"comment_status":"open","ping_status":"closed","template":"","meta":[],"product_brand":[],"product_cat":[54],"product_tag":[],"class_list":{"0":"post-2003","1":"product","2":"type-product","3":"status-publish","4":"has-post-thumbnail","6":"product_cat-korperpflege-de","8":"first","9":"instock","10":"shipping-taxable","11":"purchasable","12":"product-type-simple"},"_links":{"self":[{"href":"https:\/\/bardoleat.com\/de\/wp-json\/wp\/v2\/product\/2003","targetHints":{"allow":["GET"]}}],"collection":[{"href":"https:\/\/bardoleat.com\/de\/wp-json\/wp\/v2\/product"}],"about":[{"href":"https:\/\/bardoleat.com\/de\/wp-json\/wp\/v2\/types\/product"}],"replies":[{"embeddable":true,"href":"https:\/\/bardoleat.com\/de\/wp-json\/wp\/v2\/comments?post=2003"}],"version-history":[{"count":0,"href":"https:\/\/bardoleat.com\/de\/wp-json\/wp\/v2\/product\/2003\/revisions"}],"wp:featuredmedia":[{"embeddable":true,"href":"https:\/\/bardoleat.com\/de\/wp-json\/wp\/v2\/media\/1514"}],"wp:attachment":[{"href":"https:\/\/bardoleat.com\/de\/wp-json\/wp\/v2\/media?parent=2003"}],"wp:term":[{"taxonomy":"product_brand","embeddable":true,"href":"https:\/\/bardoleat.com\/de\/wp-json\/wp\/v2\/product_brand?post=2003"},{"taxonomy":"product_cat","embeddable":true,"href":"https:\/\/bardoleat.com\/de\/wp-json\/wp\/v2\/product_cat?post=2003"},{"taxonomy":"product_tag","embeddable":true,"href":"https:\/\/bardoleat.com\/de\/wp-json\/wp\/v2\/product_tag?post=2003"}],"curies":[{"name":"wp","href":"https:\/\/api.w.org\/{rel}","templated":true}]}}