{"id":2009,"date":"2019-01-24T13:52:37","date_gmt":"2019-01-24T11:52:37","guid":{"rendered":"https:\/\/bardoleat.com\/prodotto\/feigenmarmelade-orto-dautore\/"},"modified":"2024-06-09T03:40:36","modified_gmt":"2024-06-09T01:40:36","slug":"feigenkonfiture-100-frucht","status":"publish","type":"product","link":"https:\/\/bardoleat.com\/de\/prodotto\/feigenkonfiture-100-frucht\/","title":{"rendered":"Feigenkonfit\u00fcre 100% Frucht"},"content":{"rendered":"<p>Zwischen dem Apennin und dem Adriatischen Meer, in den unber\u00fchrten Gebieten des Molise, entstand die nat\u00fcrliche Kette des Orto d\u2019Autore.<\/p>\n","protected":false},"excerpt":{"rendered":"<p>Inhalt: 340 gr<\/p>\n<p><strong>Zubereitet aus 100 % Fr\u00fcchten, nur mit Fruchtzuckern, nur aus ganzen Fr\u00fcchten oder in St\u00fccken zubereitet.<\/strong><\/p>\n<p>ZUTATEN: Feigen, Traubenzucker, Zitronensaft. Verdickungsmittel: Pektin.<\/p>\n<p>VERWENDUNG VON FR\u00dcCHTEN: 100 g pro 100 g Produkt.<\/p>\n<p>OBSTURSPRUNG: ITALIEN<\/p>\n","protected":false},"featured_media":6528,"comment_status":"open","ping_status":"closed","template":"","meta":[],"product_brand":[],"product_cat":[56],"product_tag":[],"class_list":{"0":"post-2009","1":"product","2":"type-product","3":"status-publish","4":"has-post-thumbnail","6":"product_cat-gastronomie","8":"first","9":"instock","10":"shipping-taxable","11":"purchasable","12":"product-type-simple"},"_links":{"self":[{"href":"https:\/\/bardoleat.com\/de\/wp-json\/wp\/v2\/product\/2009","targetHints":{"allow":["GET"]}}],"collection":[{"href":"https:\/\/bardoleat.com\/de\/wp-json\/wp\/v2\/product"}],"about":[{"href":"https:\/\/bardoleat.com\/de\/wp-json\/wp\/v2\/types\/product"}],"replies":[{"embeddable":true,"href":"https:\/\/bardoleat.com\/de\/wp-json\/wp\/v2\/comments?post=2009"}],"version-history":[{"count":0,"href":"https:\/\/bardoleat.com\/de\/wp-json\/wp\/v2\/product\/2009\/revisions"}],"wp:featuredmedia":[{"embeddable":true,"href":"https:\/\/bardoleat.com\/de\/wp-json\/wp\/v2\/media\/6528"}],"wp:attachment":[{"href":"https:\/\/bardoleat.com\/de\/wp-json\/wp\/v2\/media?parent=2009"}],"wp:term":[{"taxonomy":"product_brand","embeddable":true,"href":"https:\/\/bardoleat.com\/de\/wp-json\/wp\/v2\/product_brand?post=2009"},{"taxonomy":"product_cat","embeddable":true,"href":"https:\/\/bardoleat.com\/de\/wp-json\/wp\/v2\/product_cat?post=2009"},{"taxonomy":"product_tag","embeddable":true,"href":"https:\/\/bardoleat.com\/de\/wp-json\/wp\/v2\/product_tag?post=2009"}],"curies":[{"name":"wp","href":"https:\/\/api.w.org\/{rel}","templated":true}]}}