{"id":2016,"date":"2019-01-24T13:41:59","date_gmt":"2019-01-24T11:41:59","guid":{"rendered":"https:\/\/bardoleat.com\/prodotto\/balsamico-essig-bronze\/"},"modified":"2024-10-12T04:27:55","modified_gmt":"2024-10-12T02:27:55","slug":"balsamico-essig-bronze","status":"publish","type":"product","link":"https:\/\/bardoleat.com\/de\/prodotto\/balsamico-essig-bronze\/","title":{"rendered":"Balsamico-Essig &#8220;Bronze&#8221;"},"content":{"rendered":"<p>Die Bezeichnung IPG steht f\u00fcr Indicazione Geografica Protetta, ein G\u00fctezeichen f\u00fcr regionale Produkte mit gesch\u00fctzter geographischer Angabe (g.g.A.). Sowohl die Consorzi in Italien als auch die Europ\u00e4ische Union garantieren die traditionelle Herstellungsweise und Qualit\u00e4t des Produkts und haben den Balsamico beide gepr\u00fcft und zugelassen. Der Aceto Balsamico di Modena IGP Bronze ist ein hochwertiger Balsamico Essig.<\/p>\n","protected":false},"excerpt":{"rendered":"<p>Inhalt: 250 ml<\/p>\n<p>Dieser\u00a0gereifte Balsamico Essig von Bardoleat aus Modena tr\u00e4gt das G\u00fctezeichen <strong>Bronze<\/strong>. S\u00e4mig mit einem sensationell s\u00fc\u00dfen, leicht sauren Geschmack von Traubenmost und Holznoten.<\/p>\n<p>\u00c4u\u00dferst vielseitig zu Fleisch, Fisch und Desserts.<\/p>\n<p>Die Trauben stammen von Lambrusco, Sangiovese, Trebbiano, Albana, Ancellotta, Fortana und Montuni.<\/p>\n<p>Dieser Balsamico zeichnet sich durch eine leichte Dichte und einen ausgewogenen Geschmack aus, ohne Karamell oder zugesetzte Farbstoffe.<\/p>\n<p>Dichte: 2\/5<\/p>\n<p>Zutaten: gekochter Traubenmost, Weinessig. Enth\u00e4lt Sulfite.<\/p>\n","protected":false},"featured_media":18037,"comment_status":"open","ping_status":"closed","template":"","meta":[],"product_brand":[],"product_cat":[64],"product_tag":[236,237],"class_list":{"0":"post-2016","1":"product","2":"type-product","3":"status-publish","4":"has-post-thumbnail","6":"product_cat-essig","7":"product_tag-balsamico-de","8":"product_tag-balsamico-aus-modena","10":"first","11":"instock","12":"shipping-taxable","13":"purchasable","14":"product-type-simple"},"_links":{"self":[{"href":"https:\/\/bardoleat.com\/de\/wp-json\/wp\/v2\/product\/2016","targetHints":{"allow":["GET"]}}],"collection":[{"href":"https:\/\/bardoleat.com\/de\/wp-json\/wp\/v2\/product"}],"about":[{"href":"https:\/\/bardoleat.com\/de\/wp-json\/wp\/v2\/types\/product"}],"replies":[{"embeddable":true,"href":"https:\/\/bardoleat.com\/de\/wp-json\/wp\/v2\/comments?post=2016"}],"version-history":[{"count":0,"href":"https:\/\/bardoleat.com\/de\/wp-json\/wp\/v2\/product\/2016\/revisions"}],"wp:featuredmedia":[{"embeddable":true,"href":"https:\/\/bardoleat.com\/de\/wp-json\/wp\/v2\/media\/18037"}],"wp:attachment":[{"href":"https:\/\/bardoleat.com\/de\/wp-json\/wp\/v2\/media?parent=2016"}],"wp:term":[{"taxonomy":"product_brand","embeddable":true,"href":"https:\/\/bardoleat.com\/de\/wp-json\/wp\/v2\/product_brand?post=2016"},{"taxonomy":"product_cat","embeddable":true,"href":"https:\/\/bardoleat.com\/de\/wp-json\/wp\/v2\/product_cat?post=2016"},{"taxonomy":"product_tag","embeddable":true,"href":"https:\/\/bardoleat.com\/de\/wp-json\/wp\/v2\/product_tag?post=2016"}],"curies":[{"name":"wp","href":"https:\/\/api.w.org\/{rel}","templated":true}]}}