{"id":2018,"date":"2019-01-24T13:40:38","date_gmt":"2019-01-24T13:40:38","guid":{"rendered":"https:\/\/bardoleat.com\/prodotto\/balsamico-essig-silver\/"},"modified":"2024-10-05T16:23:11","modified_gmt":"2024-10-05T14:23:11","slug":"balsamico-essig-silver","status":"publish","type":"product","link":"https:\/\/bardoleat.com\/de\/prodotto\/balsamico-essig-silver\/","title":{"rendered":"Balsamico-Essig &#8220;Silver&#8221;"},"content":{"rendered":"<p>Bereichern Sie Ihren Caprese mit Mozzarella und Tomate. Ihr Grillfleisch und -fisch erhalten mit ein paar Spritzern dieses Aceto Balsamico di Modena IGP Silver ein wahres Luxuslifting und ein Schuss Balsamico \u00fcber frischem Obst wie Erdbeeren oder reifen Birnen kitzelt jeden Gaumen.<\/p>\n<p>Ein Teel\u00f6ffel Balsamico Essig eignet sich sogar als Aperitiv nach dem Essen. Der Aceto Balsamico di Modena IGP Silver verbl\u00fcfft und \u00fcberrascht zugleich. Die Bezeichnung IPG steht f\u00fcr Indicazione Geografica Protetta, ein G\u00fctezeichen f\u00fcr regionale Produkte mit gesch\u00fctzter geographischer Angabe (g.g.A.). Sowohl die Consorzi in Italien als auch die Europ\u00e4ische Union garantieren die traditionelle Herstellungsweise und Qualit\u00e4t des Produkts und haben den Balsamico beide gepr\u00fcft und zugelassen. Der Aceto Balsamico di Modena IGP Silver ist ein hochwertiger Balsamico Essig.<\/p>\n","protected":false},"excerpt":{"rendered":"<p>Inhalt: 250 ml<\/p>\n<p>Dieser\u00a0gereifte Balsamico Essig von Bardoleat aus Modena tr\u00e4gt das G\u00fctezeichen <strong>Silver<\/strong>. S\u00e4mig mit einem sensationell s\u00fc\u00dfen, leicht sauren Geschmack von Traubenmost und Holznoten. \u00c4u\u00dferst vielseitig zu Fleisch, Fisch und Desserts.<\/p>\n<p>Die Trauben stammen von Lambrusco, Sangiovese, Trebbiano, Albana, Ancellotta, Fortana und Montuni.<\/p>\n<p>Dieser Balsamico zeichnet sich durch eine gute Dichte und einen ausgewogenen Geschmack aus, ohne Karamell oder zugesetzte Farbstoffe.<\/p>\n<p>Dichte: 3\/5<\/p>\n<p>Zutaten: gekochter Traubenmost, Weinessig. Enth\u00e4lt Sulfite.<\/p>\n","protected":false},"featured_media":12515,"comment_status":"open","ping_status":"closed","template":"","meta":[],"product_brand":[],"product_cat":[64],"product_tag":[236,237],"class_list":{"0":"post-2018","1":"product","2":"type-product","3":"status-publish","4":"has-post-thumbnail","6":"product_cat-essig","7":"product_tag-balsamico-de","8":"product_tag-balsamico-aus-modena","10":"first","11":"instock","12":"shipping-taxable","13":"purchasable","14":"product-type-simple"},"_links":{"self":[{"href":"https:\/\/bardoleat.com\/de\/wp-json\/wp\/v2\/product\/2018","targetHints":{"allow":["GET"]}}],"collection":[{"href":"https:\/\/bardoleat.com\/de\/wp-json\/wp\/v2\/product"}],"about":[{"href":"https:\/\/bardoleat.com\/de\/wp-json\/wp\/v2\/types\/product"}],"replies":[{"embeddable":true,"href":"https:\/\/bardoleat.com\/de\/wp-json\/wp\/v2\/comments?post=2018"}],"version-history":[{"count":0,"href":"https:\/\/bardoleat.com\/de\/wp-json\/wp\/v2\/product\/2018\/revisions"}],"wp:featuredmedia":[{"embeddable":true,"href":"https:\/\/bardoleat.com\/de\/wp-json\/wp\/v2\/media\/12515"}],"wp:attachment":[{"href":"https:\/\/bardoleat.com\/de\/wp-json\/wp\/v2\/media?parent=2018"}],"wp:term":[{"taxonomy":"product_brand","embeddable":true,"href":"https:\/\/bardoleat.com\/de\/wp-json\/wp\/v2\/product_brand?post=2018"},{"taxonomy":"product_cat","embeddable":true,"href":"https:\/\/bardoleat.com\/de\/wp-json\/wp\/v2\/product_cat?post=2018"},{"taxonomy":"product_tag","embeddable":true,"href":"https:\/\/bardoleat.com\/de\/wp-json\/wp\/v2\/product_tag?post=2018"}],"curies":[{"name":"wp","href":"https:\/\/api.w.org\/{rel}","templated":true}]}}