{"id":2025,"date":"2019-01-23T08:43:01","date_gmt":"2019-01-23T06:43:01","guid":{"rendered":"https:\/\/bardoleat.com\/prodotto\/extra-vergine-olivenol-fruttato-0-75l\/"},"modified":"2026-01-29T16:22:40","modified_gmt":"2026-01-29T14:22:40","slug":"extra-vergine-olivenol-fruttato-0-75l","status":"publish","type":"product","link":"https:\/\/bardoleat.com\/de\/prodotto\/extra-vergine-olivenol-fruttato-0-75l\/","title":{"rendered":"Natives Oliven\u00f6l Extra &#8220;Fruttato&#8221; 0,75L"},"content":{"rendered":"<p>Oliven\u00f6l von Licht und W\u00e4rme fernhalten.<\/p>\n<p><img fetchpriority=\"high\" decoding=\"async\" class=\"alignnone size-full wp-image-4563\" src=\"https:\/\/bardoleat.com\/wp-content\/uploads\/2019\/01\/olive-640w.jpg\" alt=\"\" width=\"640\" height=\"231\" srcset=\"https:\/\/bardoleat.com\/wp-content\/uploads\/2019\/01\/olive-640w.jpg 640w, https:\/\/bardoleat.com\/wp-content\/uploads\/2019\/01\/olive-640w-600x217.jpg 600w, https:\/\/bardoleat.com\/wp-content\/uploads\/2019\/01\/olive-640w-300x108.jpg 300w\" sizes=\"(max-width: 640px) 100vw, 640px\" \/><\/p>\n","protected":false},"excerpt":{"rendered":"<p><strong>Inhalt: 0.75 l<\/strong><\/p>\n<p class=\"\" data-start=\"984\" data-end=\"1368\">Dieses edle Oliven\u00f6l extra vergine wird aus <strong>100% italienischen Oliven<\/strong> hergestellt, die aus den besten Sorten ausgew\u00e4hlt werden. Mit besonders niedriger S\u00e4ure zeichnet es sich durch einen harmonischen und ausgewogenen Geschmack aus, der es zu einem hochwertigen W\u00fcrzmittel macht, das besonders roh geeignet ist, um den Geschmack von modernen und traditionellen Gerichten zu verfeinern.<\/p>\n<p class=\"\" data-start=\"1370\" data-end=\"1705\">Unser <em><strong>Fruttato<\/strong><\/em>, mit seiner einzigartigen Intensit\u00e4t, ist perfekt f\u00fcr diejenigen, die kr\u00e4ftige Aromen und das angenehme Kribbeln auf der Zunge lieben. Kaltgepresst, um alle seine organoleptischen Eigenschaften zu bewahren, ist es das perfekte W\u00fcrzmittel f\u00fcr diejenigen, die ein authentisches und reichhaltiges Geschmackserlebnis suchen.<\/p>\n<p class=\"\" data-start=\"1707\" data-end=\"1896\">Unsere Familie, seit drei Generationen untrennbar mit Oliven\u00f6l extra vergine verbunden, freut sich, dieses von den anspruchsvollsten Kunden gesch\u00e4tzte W\u00fcrzmittel auf Ihrem Tisch zu bringen.<\/p>\n<p class=\"\" data-start=\"1898\" data-end=\"1964\">\u2714 Kaltgepresst<br data-start=\"1912\" data-end=\"1915\" \/>\u2714 Nur italienische Oliven<br data-start=\"1940\" data-end=\"1943\" \/>\u2714 Maximale Intensit\u00e4t<\/p>\n","protected":false},"featured_media":12500,"comment_status":"open","ping_status":"closed","template":"","meta":[],"product_brand":[],"product_cat":[58],"product_tag":[],"class_list":{"0":"post-2025","1":"product","2":"type-product","3":"status-publish","4":"has-post-thumbnail","6":"product_cat-olivenol","8":"first","9":"instock","10":"shipping-taxable","11":"purchasable","12":"product-type-simple"},"_links":{"self":[{"href":"https:\/\/bardoleat.com\/de\/wp-json\/wp\/v2\/product\/2025","targetHints":{"allow":["GET"]}}],"collection":[{"href":"https:\/\/bardoleat.com\/de\/wp-json\/wp\/v2\/product"}],"about":[{"href":"https:\/\/bardoleat.com\/de\/wp-json\/wp\/v2\/types\/product"}],"replies":[{"embeddable":true,"href":"https:\/\/bardoleat.com\/de\/wp-json\/wp\/v2\/comments?post=2025"}],"version-history":[{"count":4,"href":"https:\/\/bardoleat.com\/de\/wp-json\/wp\/v2\/product\/2025\/revisions"}],"predecessor-version":[{"id":18546,"href":"https:\/\/bardoleat.com\/de\/wp-json\/wp\/v2\/product\/2025\/revisions\/18546"}],"wp:featuredmedia":[{"embeddable":true,"href":"https:\/\/bardoleat.com\/de\/wp-json\/wp\/v2\/media\/12500"}],"wp:attachment":[{"href":"https:\/\/bardoleat.com\/de\/wp-json\/wp\/v2\/media?parent=2025"}],"wp:term":[{"taxonomy":"product_brand","embeddable":true,"href":"https:\/\/bardoleat.com\/de\/wp-json\/wp\/v2\/product_brand?post=2025"},{"taxonomy":"product_cat","embeddable":true,"href":"https:\/\/bardoleat.com\/de\/wp-json\/wp\/v2\/product_cat?post=2025"},{"taxonomy":"product_tag","embeddable":true,"href":"https:\/\/bardoleat.com\/de\/wp-json\/wp\/v2\/product_tag?post=2025"}],"curies":[{"name":"wp","href":"https:\/\/api.w.org\/{rel}","templated":true}]}}