{"id":2033,"date":"2019-01-16T10:32:54","date_gmt":"2019-01-16T08:32:54","guid":{"rendered":"https:\/\/bardoleat.com\/prodotto\/extra-vergine-olivenol-garda-dop-0-75l\/"},"modified":"2026-01-29T16:32:24","modified_gmt":"2026-01-29T14:32:24","slug":"extra-vergine-olivenol-garda-dop-0-75l","status":"publish","type":"product","link":"https:\/\/bardoleat.com\/de\/prodotto\/extra-vergine-olivenol-garda-dop-0-75l\/","title":{"rendered":"Natives Oliven\u00f6l Extra GARDA DOP 0,75L"},"content":{"rendered":"<p>Dank des besonderen Mikroklimas des Gardasees und dem Gebrauch der modernsten Ernte- und Presstechniken erh\u00e4lt man die au\u00dferordentlichen organoleptischen Eigenschaften, die das native Oliven\u00f6l Extra DOP Garda einzigartig machen. Die Kennzeichnung DOP, das die Herkunft und den hohen Produktionsstandard bescheinigt, stellt eine Garantie f\u00fcr den Verbraucher dar.<\/p>\n","protected":false},"excerpt":{"rendered":"<p><strong>Inhalt: 0.75 l <\/strong><\/p>\n<p>Besonders angenehm f\u00fcr die Gaumen, das native Oliven\u00f6l Extra <strong>Garda<\/strong> ist gekennzeichnet von einem milden und fruchtigen Geschmack mit einer Note s\u00fc\u00dfer Mandel, niedrigem S\u00e4uregrad und einer hervorragenden Verdaulichkeit. Der hohe Chlorophyllgehalt, der dem \u00d6l die typische Farbnuance von goldgr\u00fcn bis gelb verleiht, tr\u00e4gt dazu bei die Frische zu erhalten.<\/p>\n","protected":false},"featured_media":13960,"comment_status":"open","ping_status":"closed","template":"","meta":[],"product_brand":[],"product_cat":[58],"product_tag":[],"class_list":{"0":"post-2033","1":"product","2":"type-product","3":"status-publish","4":"has-post-thumbnail","6":"product_cat-olivenol","8":"first","9":"outofstock","10":"shipping-taxable","11":"purchasable","12":"product-type-simple"},"_links":{"self":[{"href":"https:\/\/bardoleat.com\/de\/wp-json\/wp\/v2\/product\/2033","targetHints":{"allow":["GET"]}}],"collection":[{"href":"https:\/\/bardoleat.com\/de\/wp-json\/wp\/v2\/product"}],"about":[{"href":"https:\/\/bardoleat.com\/de\/wp-json\/wp\/v2\/types\/product"}],"replies":[{"embeddable":true,"href":"https:\/\/bardoleat.com\/de\/wp-json\/wp\/v2\/comments?post=2033"}],"version-history":[{"count":2,"href":"https:\/\/bardoleat.com\/de\/wp-json\/wp\/v2\/product\/2033\/revisions"}],"predecessor-version":[{"id":18576,"href":"https:\/\/bardoleat.com\/de\/wp-json\/wp\/v2\/product\/2033\/revisions\/18576"}],"wp:featuredmedia":[{"embeddable":true,"href":"https:\/\/bardoleat.com\/de\/wp-json\/wp\/v2\/media\/13960"}],"wp:attachment":[{"href":"https:\/\/bardoleat.com\/de\/wp-json\/wp\/v2\/media?parent=2033"}],"wp:term":[{"taxonomy":"product_brand","embeddable":true,"href":"https:\/\/bardoleat.com\/de\/wp-json\/wp\/v2\/product_brand?post=2033"},{"taxonomy":"product_cat","embeddable":true,"href":"https:\/\/bardoleat.com\/de\/wp-json\/wp\/v2\/product_cat?post=2033"},{"taxonomy":"product_tag","embeddable":true,"href":"https:\/\/bardoleat.com\/de\/wp-json\/wp\/v2\/product_tag?post=2033"}],"curies":[{"name":"wp","href":"https:\/\/api.w.org\/{rel}","templated":true}]}}