{"id":2837,"date":"2019-02-12T09:33:22","date_gmt":"2019-02-12T09:33:22","guid":{"rendered":"https:\/\/bardoleat.com\/prodotto\/tartufo-estivo-intero-25g\/"},"modified":"2026-03-31T05:49:28","modified_gmt":"2026-03-31T03:49:28","slug":"sommertrueffel-im-glas-25g","status":"publish","type":"product","link":"https:\/\/bardoleat.com\/de\/prodotto\/sommertrueffel-im-glas-25g\/","title":{"rendered":"Sommertr\u00fcffel im Glas 25 G"},"content":{"rendered":"<p>Der ganze Sommertr\u00fcffel ist das perfekte Produkt f\u00fcr Liebhaber, die nicht auf das Vergn\u00fcgen verzichten wollen, den Tr\u00fcffel 12 Monate im Jahr zu kosten: seine St\u00e4rke ist seine Nat\u00fcrlichkeit, da es sich um einen gewaschenen und in Salzlake konservierten Tr\u00fcffel handelt, ohne dass andere Zutaten hinzugef\u00fcgt werden. Sie kann wie frische Tr\u00fcffel verarbeitet werden: gerieben, in Scheiben geschnitten und in Flocken geschnitten.<br \/>\nAbtropfgewicht: 25 Gramm<\/p>\n<p>VORSCHL\u00c4GE IN DER K\u00dcCHE<\/p>\n<p>\u2013 Teigwaren, Risotto, Polenta<br \/>\n\u2013 Rohes Fleisch: Kalbscarpaccio oder Tartar<br \/>\n\u2013 Roher, gebratener oder gegrillter Fisch<br \/>\n\u2013 Sushi<br \/>\n\u2013 Eier<br \/>\n\u2013 Brot (Toasts, Sandwiches)<br \/>\n\u2013 Fingerfood<br \/>\n\u2013 Krustentiere<\/p>\n<p>Zutaten: Sommertr\u00fcffel, Wasser, Salz, Aroma.<\/p>\n","protected":false},"excerpt":{"rendered":"<p>Ganze, ausgesuchte Sommertr\u00fcffeln mit sehr gutem Reifegrad, mit Tr\u00fcffelsaft eingekocht. Zum Hobeln oder Kleinschneiden. Geeignet zur Herstellung von Terrinen, Pasteten und Saucen. Zu verwenden wie ein frischer Tr\u00fcffel.<\/p>\n","protected":false},"featured_media":8858,"comment_status":"open","ping_status":"closed","template":"","meta":[],"product_brand":[],"product_cat":[56],"product_tag":[],"class_list":{"0":"post-2837","1":"product","2":"type-product","3":"status-publish","4":"has-post-thumbnail","6":"product_cat-gastronomie","8":"first","9":"instock","10":"shipping-taxable","11":"purchasable","12":"product-type-simple"},"_links":{"self":[{"href":"https:\/\/bardoleat.com\/de\/wp-json\/wp\/v2\/product\/2837","targetHints":{"allow":["GET"]}}],"collection":[{"href":"https:\/\/bardoleat.com\/de\/wp-json\/wp\/v2\/product"}],"about":[{"href":"https:\/\/bardoleat.com\/de\/wp-json\/wp\/v2\/types\/product"}],"replies":[{"embeddable":true,"href":"https:\/\/bardoleat.com\/de\/wp-json\/wp\/v2\/comments?post=2837"}],"version-history":[{"count":0,"href":"https:\/\/bardoleat.com\/de\/wp-json\/wp\/v2\/product\/2837\/revisions"}],"wp:featuredmedia":[{"embeddable":true,"href":"https:\/\/bardoleat.com\/de\/wp-json\/wp\/v2\/media\/8858"}],"wp:attachment":[{"href":"https:\/\/bardoleat.com\/de\/wp-json\/wp\/v2\/media?parent=2837"}],"wp:term":[{"taxonomy":"product_brand","embeddable":true,"href":"https:\/\/bardoleat.com\/de\/wp-json\/wp\/v2\/product_brand?post=2837"},{"taxonomy":"product_cat","embeddable":true,"href":"https:\/\/bardoleat.com\/de\/wp-json\/wp\/v2\/product_cat?post=2837"},{"taxonomy":"product_tag","embeddable":true,"href":"https:\/\/bardoleat.com\/de\/wp-json\/wp\/v2\/product_tag?post=2837"}],"curies":[{"name":"wp","href":"https:\/\/api.w.org\/{rel}","templated":true}]}}