{"id":2847,"date":"2019-02-12T09:44:42","date_gmt":"2019-02-12T07:44:42","guid":{"rendered":"https:\/\/bardoleat.com\/prodotto\/tappo-versatore-per-olio-%e2%8c%80315\/"},"modified":"2025-10-25T14:53:33","modified_gmt":"2025-10-25T12:53:33","slug":"tappo-versatore-per-olio-%e2%8c%80315","status":"publish","type":"product","link":"https:\/\/bardoleat.com\/de\/prodotto\/tappo-versatore-per-olio-%e2%8c%80315\/","title":{"rendered":"Schraube Ausgie\u00dfverschluss"},"content":{"rendered":"","protected":false},"excerpt":{"rendered":"<p>Ausgie\u00dfer aus Edelstahl, geeignet f\u00fcr alle Standardflaschen. Der automatische Verschluss garantiert die Unversehrtheit des Produkts und erm\u00f6glicht das Ausgie\u00dfen der richtigen Menge ohne Verschwendung.<\/p>\n","protected":false},"featured_media":17699,"comment_status":"open","ping_status":"closed","template":"","meta":[],"product_brand":[],"product_cat":[58,469],"product_tag":[],"class_list":{"0":"post-2847","1":"product","2":"type-product","3":"status-publish","4":"has-post-thumbnail","6":"product_cat-olivenol","7":"product_cat-zubehoer","9":"first","10":"instock","11":"shipping-taxable","12":"purchasable","13":"product-type-simple"},"_links":{"self":[{"href":"https:\/\/bardoleat.com\/de\/wp-json\/wp\/v2\/product\/2847","targetHints":{"allow":["GET"]}}],"collection":[{"href":"https:\/\/bardoleat.com\/de\/wp-json\/wp\/v2\/product"}],"about":[{"href":"https:\/\/bardoleat.com\/de\/wp-json\/wp\/v2\/types\/product"}],"replies":[{"embeddable":true,"href":"https:\/\/bardoleat.com\/de\/wp-json\/wp\/v2\/comments?post=2847"}],"version-history":[{"count":1,"href":"https:\/\/bardoleat.com\/de\/wp-json\/wp\/v2\/product\/2847\/revisions"}],"predecessor-version":[{"id":17702,"href":"https:\/\/bardoleat.com\/de\/wp-json\/wp\/v2\/product\/2847\/revisions\/17702"}],"wp:featuredmedia":[{"embeddable":true,"href":"https:\/\/bardoleat.com\/de\/wp-json\/wp\/v2\/media\/17699"}],"wp:attachment":[{"href":"https:\/\/bardoleat.com\/de\/wp-json\/wp\/v2\/media?parent=2847"}],"wp:term":[{"taxonomy":"product_brand","embeddable":true,"href":"https:\/\/bardoleat.com\/de\/wp-json\/wp\/v2\/product_brand?post=2847"},{"taxonomy":"product_cat","embeddable":true,"href":"https:\/\/bardoleat.com\/de\/wp-json\/wp\/v2\/product_cat?post=2847"},{"taxonomy":"product_tag","embeddable":true,"href":"https:\/\/bardoleat.com\/de\/wp-json\/wp\/v2\/product_tag?post=2847"}],"curies":[{"name":"wp","href":"https:\/\/api.w.org\/{rel}","templated":true}]}}