{"id":2922,"date":"2019-02-21T20:43:59","date_gmt":"2019-02-21T20:43:59","guid":{"rendered":"https:\/\/bardoleat.com\/prodotto\/extra-vergine-olivenol-bio-0-75l-2\/"},"modified":"2025-06-01T11:12:04","modified_gmt":"2025-06-01T09:12:04","slug":"extra-vergine-olivenol-bio-0-75l-2","status":"publish","type":"product","link":"https:\/\/bardoleat.com\/de\/prodotto\/extra-vergine-olivenol-bio-0-75l-2\/","title":{"rendered":"Extra Vergine Oliven\u00f6l BIO 0.75l"},"content":{"rendered":"<p>Oliven\u00f6l von Licht und W\u00e4rme fernhalten.<\/p>\n","protected":false},"excerpt":{"rendered":"<p>Inhalt: 0,75 l<\/p>\n<p>Italienisches Produkt<\/p>\n<p>F\u00fcr Liebhaber der gesunden K\u00fcche und nat\u00fcrlicher Herstellungsprozesse, ist das biologische Oliven\u00f6l Extravergine die richtige Wahl um den Geschmack und die Reinheit eines Produktes, das von ohne chemischen Zus\u00e4tzen angebauten Oliven stammt.<\/p>\n<p>Dies wird von dem entsprechenden Kontrollorgan best\u00e4tigt, das die Qualit\u00e4t kontrolliert und bescheinigt. Ausschlie\u00dflich von italienischen Oliven stammend, rigoros <strong>kaltgepresst<\/strong> um die Eigenschaften zu bewahren, ist dies ein \u00d6l mit einer gr\u00fcnen Farbgebung, einem ausgeglichenem Geschmack und mittelm\u00e4\u00dfig fruchtig, das sich f\u00fcr alle Zubereitungsarten in der K\u00fcche eignet.<\/p>\n<p><span style=\"color: #99cc00\">Vegan OK<\/span>.<\/p>\n","protected":false},"featured_media":3432,"comment_status":"open","ping_status":"closed","template":"","meta":[],"product_brand":[],"product_cat":[58],"product_tag":[76],"class_list":{"0":"post-2922","1":"product","2":"type-product","3":"status-publish","4":"has-post-thumbnail","6":"product_cat-olivenol","7":"product_tag-olearia-del-garda-de","9":"first","10":"outofstock","11":"shipping-taxable","12":"product-type-simple"},"_links":{"self":[{"href":"https:\/\/bardoleat.com\/de\/wp-json\/wp\/v2\/product\/2922","targetHints":{"allow":["GET"]}}],"collection":[{"href":"https:\/\/bardoleat.com\/de\/wp-json\/wp\/v2\/product"}],"about":[{"href":"https:\/\/bardoleat.com\/de\/wp-json\/wp\/v2\/types\/product"}],"replies":[{"embeddable":true,"href":"https:\/\/bardoleat.com\/de\/wp-json\/wp\/v2\/comments?post=2922"}],"version-history":[{"count":0,"href":"https:\/\/bardoleat.com\/de\/wp-json\/wp\/v2\/product\/2922\/revisions"}],"wp:featuredmedia":[{"embeddable":true,"href":"https:\/\/bardoleat.com\/de\/wp-json\/wp\/v2\/media\/3432"}],"wp:attachment":[{"href":"https:\/\/bardoleat.com\/de\/wp-json\/wp\/v2\/media?parent=2922"}],"wp:term":[{"taxonomy":"product_brand","embeddable":true,"href":"https:\/\/bardoleat.com\/de\/wp-json\/wp\/v2\/product_brand?post=2922"},{"taxonomy":"product_cat","embeddable":true,"href":"https:\/\/bardoleat.com\/de\/wp-json\/wp\/v2\/product_cat?post=2922"},{"taxonomy":"product_tag","embeddable":true,"href":"https:\/\/bardoleat.com\/de\/wp-json\/wp\/v2\/product_tag?post=2922"}],"curies":[{"name":"wp","href":"https:\/\/api.w.org\/{rel}","templated":true}]}}