{"id":3397,"date":"2019-09-19T18:14:38","date_gmt":"2019-09-19T18:14:38","guid":{"rendered":"https:\/\/bardoleat.com\/prodotto\/weiser-balsamico-essig-1-l\/"},"modified":"2025-12-12T21:51:24","modified_gmt":"2025-12-12T19:51:24","slug":"weiser-balsamico-essig-1-l","status":"publish","type":"product","link":"https:\/\/bardoleat.com\/de\/prodotto\/weiser-balsamico-essig-1-l\/","title":{"rendered":"S\u00fc\u00dfer wei\u00dfer Essig 1 l"},"content":{"rendered":"<p>Enth\u00e4lt Sulfite.<\/p>\n<p>Vermarktet von Bardoleat sas, Bardolino<\/p>\n","protected":false},"excerpt":{"rendered":"<p>Inhalt: 1 l<\/p>\n<p>Bardoleat Wei\u00dfer Balsamico-Essig wird aus einer Mischung von konzentriertem Most aus wei\u00dfen Trauben und Wei\u00dfweinessig hergestellt.<\/p>\n<p>Der Condimento bianco ist ein wei\u00dfer \u201eBalsamico\u201c der Spitzenklassen. Das Dressing hat einen S\u00e4uregehalt von 5 \u2013 5,2 %.<br \/>\nDer schon fast gelbliche Condimento besitzt einen sehr angenehmen und lieblichen Geschmack.<br \/>\nEr ist ein toller und angenehmer Begleiter zu allen m\u00f6glichen Salatvariationen.<\/p>\n<p>Zutaten: Traubenmost, Wei\u00dfweinessig<\/p>\n","protected":false},"featured_media":3395,"comment_status":"open","ping_status":"closed","template":"","meta":[],"product_brand":[],"product_cat":[64],"product_tag":[],"class_list":{"0":"post-3397","1":"product","2":"type-product","3":"status-publish","4":"has-post-thumbnail","6":"product_cat-essig","8":"first","9":"instock","10":"shipping-taxable","11":"purchasable","12":"product-type-simple"},"_links":{"self":[{"href":"https:\/\/bardoleat.com\/de\/wp-json\/wp\/v2\/product\/3397","targetHints":{"allow":["GET"]}}],"collection":[{"href":"https:\/\/bardoleat.com\/de\/wp-json\/wp\/v2\/product"}],"about":[{"href":"https:\/\/bardoleat.com\/de\/wp-json\/wp\/v2\/types\/product"}],"replies":[{"embeddable":true,"href":"https:\/\/bardoleat.com\/de\/wp-json\/wp\/v2\/comments?post=3397"}],"version-history":[{"count":0,"href":"https:\/\/bardoleat.com\/de\/wp-json\/wp\/v2\/product\/3397\/revisions"}],"wp:featuredmedia":[{"embeddable":true,"href":"https:\/\/bardoleat.com\/de\/wp-json\/wp\/v2\/media\/3395"}],"wp:attachment":[{"href":"https:\/\/bardoleat.com\/de\/wp-json\/wp\/v2\/media?parent=3397"}],"wp:term":[{"taxonomy":"product_brand","embeddable":true,"href":"https:\/\/bardoleat.com\/de\/wp-json\/wp\/v2\/product_brand?post=3397"},{"taxonomy":"product_cat","embeddable":true,"href":"https:\/\/bardoleat.com\/de\/wp-json\/wp\/v2\/product_cat?post=3397"},{"taxonomy":"product_tag","embeddable":true,"href":"https:\/\/bardoleat.com\/de\/wp-json\/wp\/v2\/product_tag?post=3397"}],"curies":[{"name":"wp","href":"https:\/\/api.w.org\/{rel}","templated":true}]}}