{"id":3642,"date":"2019-11-08T16:36:14","date_gmt":"2019-11-08T14:36:14","guid":{"rendered":"https:\/\/bardoleat.com\/prodotto\/polsa-costadoro\/"},"modified":"2023-09-20T12:30:22","modified_gmt":"2023-09-20T10:30:22","slug":"polsa-costadoro","status":"publish","type":"product","link":"https:\/\/bardoleat.com\/de\/prodotto\/polsa-costadoro\/","title":{"rendered":"Pols\u00e0 Costadoro"},"content":{"rendered":"<p>Produziert von Azienda Agricola Costadoro in Bardolino (Gardasee).<\/p>\n","protected":false},"excerpt":{"rendered":"<p>Flasche: 500 ml<\/p>\n<p>Rosinenwein, der aus einer bestimmten, vom Unternehmen ausgew\u00e4hlten wei\u00dfen Rebsorte gewonnen wird. Produktion von Trauben pro Rebstock nicht mehr als 1,9Kg, sp\u00e4te Ernte. Trauben bis zum Trocknen ruhen lassen.<\/p>\n<p><strong>Merkmale: <\/strong>Strohgelbe Farbe, fruchtiges Aroma.<br \/>\n<strong>Alkoholgehalt<\/strong>: 13% vol.<br \/>\n<strong>Ideale Paarung: <\/strong>Optimal s\u00fc\u00dfer Dessertwein<br \/>\n<strong>Servieren: <\/strong>Serviert bei einer Temperatur von 6-8 Grad.<\/p>\n","protected":false},"featured_media":11435,"comment_status":"open","ping_status":"closed","template":"","meta":[],"product_brand":[],"product_cat":[104],"product_tag":[],"class_list":{"0":"post-3642","1":"product","2":"type-product","3":"status-publish","4":"has-post-thumbnail","6":"product_cat-wein-de","8":"first","9":"instock","10":"shipping-taxable","11":"purchasable","12":"product-type-simple"},"_links":{"self":[{"href":"https:\/\/bardoleat.com\/de\/wp-json\/wp\/v2\/product\/3642","targetHints":{"allow":["GET"]}}],"collection":[{"href":"https:\/\/bardoleat.com\/de\/wp-json\/wp\/v2\/product"}],"about":[{"href":"https:\/\/bardoleat.com\/de\/wp-json\/wp\/v2\/types\/product"}],"replies":[{"embeddable":true,"href":"https:\/\/bardoleat.com\/de\/wp-json\/wp\/v2\/comments?post=3642"}],"version-history":[{"count":0,"href":"https:\/\/bardoleat.com\/de\/wp-json\/wp\/v2\/product\/3642\/revisions"}],"wp:featuredmedia":[{"embeddable":true,"href":"https:\/\/bardoleat.com\/de\/wp-json\/wp\/v2\/media\/11435"}],"wp:attachment":[{"href":"https:\/\/bardoleat.com\/de\/wp-json\/wp\/v2\/media?parent=3642"}],"wp:term":[{"taxonomy":"product_brand","embeddable":true,"href":"https:\/\/bardoleat.com\/de\/wp-json\/wp\/v2\/product_brand?post=3642"},{"taxonomy":"product_cat","embeddable":true,"href":"https:\/\/bardoleat.com\/de\/wp-json\/wp\/v2\/product_cat?post=3642"},{"taxonomy":"product_tag","embeddable":true,"href":"https:\/\/bardoleat.com\/de\/wp-json\/wp\/v2\/product_tag?post=3642"}],"curies":[{"name":"wp","href":"https:\/\/api.w.org\/{rel}","templated":true}]}}