{"id":3646,"date":"2019-11-08T16:32:45","date_gmt":"2019-11-08T14:32:45","guid":{"rendered":"https:\/\/bardoleat.com\/prodotto\/bardolino-superiore-docg-costadoro\/"},"modified":"2024-10-18T19:11:33","modified_gmt":"2024-10-18T17:11:33","slug":"bardolino-superiore-docg-costadoro","status":"publish","type":"product","link":"https:\/\/bardoleat.com\/de\/prodotto\/bardolino-superiore-docg-costadoro\/","title":{"rendered":"Bardolino Superiore DOCG Costadoro"},"content":{"rendered":"<p>Produziert in Bardolino, am Gardasee, von Azienda Agricola Costadoro.<\/p>\n","protected":false},"excerpt":{"rendered":"<p>Der Bardolino Superiore D.O.C.G. ist ein Wein, der den gro\u00dfen Vorteil hat, die Zeit zu \u00fcberdauern und eine gro\u00dfe F\u00fclle auszudr\u00fccken, die von einer bemerkenswerten Struktur getragen wird.<\/p>\n<p><strong>Eigenschaften:<\/strong> Rubinrote Farbe, mit der Alterung zu Granat tendierend.\u00a0Er hat ein charakteristisches Aroma mit zartem Duft, einen trockenen, leicht bitteren und harmonischen Geschmack, der manchmal von einer leichten Holznote gepr\u00e4gt ist.<br \/>\n<strong>Alkoholgehalt<\/strong>: 14% vol.<br \/>\n<strong>Ideale Paarung<\/strong>: Unter den klassischen Paarungen empfehlen wir gemischtes gekochtes Fleisch mit pear\u00e0, Braten (anara col pien ist ausgezeichnet), geschmortes Fleisch, Eint\u00f6pfe und einige Wildgerichte.\u00a0Der Bardolino Superiore DOCG passt hervorragend zu gereiften K\u00e4sesorten, Blauschimmelk\u00e4se und herzhaften K\u00e4sesorten im Allgemeinen.<br \/>\n<strong>Servieren:<\/strong> Er sollte bei einer Temperatur von 17-19 Grad serviert werden.<\/p>\n","protected":false},"featured_media":11426,"comment_status":"open","ping_status":"closed","template":"","meta":[],"product_brand":[],"product_cat":[104],"product_tag":[321,183],"class_list":{"0":"post-3646","1":"product","2":"type-product","3":"status-publish","4":"has-post-thumbnail","6":"product_cat-wein-de","7":"product_tag-bardolino-superiore-de","8":"product_tag-costadoro-de","10":"first","11":"instock","12":"shipping-taxable","13":"purchasable","14":"product-type-simple"},"_links":{"self":[{"href":"https:\/\/bardoleat.com\/de\/wp-json\/wp\/v2\/product\/3646","targetHints":{"allow":["GET"]}}],"collection":[{"href":"https:\/\/bardoleat.com\/de\/wp-json\/wp\/v2\/product"}],"about":[{"href":"https:\/\/bardoleat.com\/de\/wp-json\/wp\/v2\/types\/product"}],"replies":[{"embeddable":true,"href":"https:\/\/bardoleat.com\/de\/wp-json\/wp\/v2\/comments?post=3646"}],"version-history":[{"count":0,"href":"https:\/\/bardoleat.com\/de\/wp-json\/wp\/v2\/product\/3646\/revisions"}],"wp:featuredmedia":[{"embeddable":true,"href":"https:\/\/bardoleat.com\/de\/wp-json\/wp\/v2\/media\/11426"}],"wp:attachment":[{"href":"https:\/\/bardoleat.com\/de\/wp-json\/wp\/v2\/media?parent=3646"}],"wp:term":[{"taxonomy":"product_brand","embeddable":true,"href":"https:\/\/bardoleat.com\/de\/wp-json\/wp\/v2\/product_brand?post=3646"},{"taxonomy":"product_cat","embeddable":true,"href":"https:\/\/bardoleat.com\/de\/wp-json\/wp\/v2\/product_cat?post=3646"},{"taxonomy":"product_tag","embeddable":true,"href":"https:\/\/bardoleat.com\/de\/wp-json\/wp\/v2\/product_tag?post=3646"}],"curies":[{"name":"wp","href":"https:\/\/api.w.org\/{rel}","templated":true}]}}