{"id":3918,"date":"2020-01-17T13:18:51","date_gmt":"2020-01-17T11:18:51","guid":{"rendered":"https:\/\/bardoleat.com\/prodotto\/extra-vergine-olivenol-olearia-del-garda-5l\/"},"modified":"2026-01-29T16:38:17","modified_gmt":"2026-01-29T14:38:17","slug":"extra-vergine-olivenol-olearia-del-garda-5l","status":"publish","type":"product","link":"https:\/\/bardoleat.com\/de\/prodotto\/extra-vergine-olivenol-olearia-del-garda-5l\/","title":{"rendered":"Natives Oliven\u00f6l Extra &#8220;Olearia&#8221; 5L"},"content":{"rendered":"<p><strong>ACHTUNG:<\/strong> Trotz unserer Sorgfalt bei der Verpackung kann dieses Produkt w\u00e4hrend des Transports Druckstellen aufweisen, die die Qualit\u00e4t des \u00d6ls nicht beeintr\u00e4chtigen. Wenn das ein Problem f\u00fcr Sie ist, k\u00f6nnen Sie unser <a href=\"https:\/\/bardoleat.com\/de\/prodotto\/extra-vergine-olivenol-olearia-del-garda-1l\/\">Flaschenformat<\/a> kaufen.<\/p>\n<p>Oliven\u00f6l von Licht und W\u00e4rme fernhalten.<\/p>\n","protected":false},"excerpt":{"rendered":"<p>Inhalt: 5 l<\/p>\n<p>Aus einer Auswahl der besten \u00d6le aus den wichtigsten Anbaugebieten der Mediterranen Produktion wird dieses \u00d6l Extravergine direkt von Oliven gewonnen, die zum richtigen Reifegrad geerntet werden und ausschliesslich durch mechanischen Vorg\u00e4nge gepresst werden.<\/p>\n<p><strong>Kaltgepresst<\/strong> &#8211; <span style=\"color: #99cc00\">Vegan OK<\/span><\/p>\n<p>Prodotto dell&#8217;Ue.<\/p>\n","protected":false},"featured_media":3915,"comment_status":"open","ping_status":"closed","template":"","meta":[],"product_brand":[],"product_cat":[58],"product_tag":[76,263],"class_list":{"0":"post-3918","1":"product","2":"type-product","3":"status-publish","4":"has-post-thumbnail","6":"product_cat-olivenol","7":"product_tag-olearia-del-garda-de","8":"product_tag-olearia-del-garda-de-2","10":"first","11":"instock","12":"sale","13":"shipping-taxable","14":"purchasable","15":"product-type-simple"},"_links":{"self":[{"href":"https:\/\/bardoleat.com\/de\/wp-json\/wp\/v2\/product\/3918","targetHints":{"allow":["GET"]}}],"collection":[{"href":"https:\/\/bardoleat.com\/de\/wp-json\/wp\/v2\/product"}],"about":[{"href":"https:\/\/bardoleat.com\/de\/wp-json\/wp\/v2\/types\/product"}],"replies":[{"embeddable":true,"href":"https:\/\/bardoleat.com\/de\/wp-json\/wp\/v2\/comments?post=3918"}],"version-history":[{"count":2,"href":"https:\/\/bardoleat.com\/de\/wp-json\/wp\/v2\/product\/3918\/revisions"}],"predecessor-version":[{"id":18598,"href":"https:\/\/bardoleat.com\/de\/wp-json\/wp\/v2\/product\/3918\/revisions\/18598"}],"wp:featuredmedia":[{"embeddable":true,"href":"https:\/\/bardoleat.com\/de\/wp-json\/wp\/v2\/media\/3915"}],"wp:attachment":[{"href":"https:\/\/bardoleat.com\/de\/wp-json\/wp\/v2\/media?parent=3918"}],"wp:term":[{"taxonomy":"product_brand","embeddable":true,"href":"https:\/\/bardoleat.com\/de\/wp-json\/wp\/v2\/product_brand?post=3918"},{"taxonomy":"product_cat","embeddable":true,"href":"https:\/\/bardoleat.com\/de\/wp-json\/wp\/v2\/product_cat?post=3918"},{"taxonomy":"product_tag","embeddable":true,"href":"https:\/\/bardoleat.com\/de\/wp-json\/wp\/v2\/product_tag?post=3918"}],"curies":[{"name":"wp","href":"https:\/\/api.w.org\/{rel}","templated":true}]}}