{"id":4253,"date":"2020-03-12T18:34:21","date_gmt":"2020-03-12T16:34:21","guid":{"rendered":"https:\/\/bardoleat.com\/prodotto\/extra-vergine-olivenol-la-baceda-5l\/"},"modified":"2026-01-29T16:35:55","modified_gmt":"2026-01-29T14:35:55","slug":"extra-vergine-olivenol-la-baceda-5l","status":"publish","type":"product","link":"https:\/\/bardoleat.com\/de\/prodotto\/extra-vergine-olivenol-la-baceda-5l\/","title":{"rendered":"Natives Oliven\u00f6l Extra &#8220;La Baceda&#8221; 5L"},"content":{"rendered":"<p><strong>ACHTUNG:<\/strong> Trotz unserer Sorgfalt bei der Verpackung kann dieses Produkt w\u00e4hrend des Transports Druckstellen aufweisen, die die Qualit\u00e4t des \u00d6ls nicht beeintr\u00e4chtigen. Wenn das ein Problem f\u00fcr Sie ist, k\u00f6nnen Sie unser <a href=\"https:\/\/bardoleat.com\/de\/prodotto\/extra-vergine-olivenol-la-baceda-1l\/\">Flaschenformat<\/a> kaufen.<\/p>\n<p>Oliven\u00f6l von Licht und W\u00e4rme fernhalten.<\/p>\n<p>Verpackt in Bardolino von <strong>Olearia del Garda<\/strong>.<\/p>\n","protected":false},"excerpt":{"rendered":"<p class=\"\" data-start=\"628\" data-end=\"651\"><strong data-start=\"628\" data-end=\"649\">FRUCHTIGES EVO-\u00d6L<\/strong><\/p>\n<p class=\"\" data-start=\"653\" data-end=\"991\">Die alte Ma\u00dfeinheit f\u00fcr \u00d6l, <strong data-start=\"681\" data-end=\"695\">die Baceda<\/strong>, verleiht diesem <strong data-start=\"713\" data-end=\"739\">Nativem Oliven\u00f6l Extra<\/strong> seinen Namen. Es wird nach den traditionellen Methoden der Oliven\u00f6lkultur gewonnen. Die Oliven werden streng kaltgepresst, um diesem \u00d6l einen <strong data-start=\"882\" data-end=\"920\">harmonischen, fruchtigen Geschmack<\/strong> mit <strong data-start=\"925\" data-end=\"944\">krautigen Noten<\/strong> und einer <strong data-start=\"955\" data-end=\"975\">leichten Sch\u00e4rfe<\/strong> zu verleihen.<\/p>\n<p class=\"\" data-start=\"993\" data-end=\"1071\">\u2714 Kaltgepresst<br data-start=\"1007\" data-end=\"1010\" \/>\u2714 Typische mediterrane Olivenhaine<br data-start=\"1044\" data-end=\"1047\" \/>\u2714 Garantierte Qualit\u00e4t<\/p>\n<p>Prodotto dell&#8217;Unione Europea.<\/p>\n","protected":false},"featured_media":3915,"comment_status":"open","ping_status":"closed","template":"","meta":[],"product_brand":[],"product_cat":[58],"product_tag":[216,76,263],"class_list":{"0":"post-4253","1":"product","2":"type-product","3":"status-publish","4":"has-post-thumbnail","6":"product_cat-olivenol","7":"product_tag-baceda-de","8":"product_tag-olearia-del-garda-de","9":"product_tag-olearia-del-garda-de-2","11":"first","12":"instock","13":"sale","14":"shipping-taxable","15":"purchasable","16":"product-type-simple"},"_links":{"self":[{"href":"https:\/\/bardoleat.com\/de\/wp-json\/wp\/v2\/product\/4253","targetHints":{"allow":["GET"]}}],"collection":[{"href":"https:\/\/bardoleat.com\/de\/wp-json\/wp\/v2\/product"}],"about":[{"href":"https:\/\/bardoleat.com\/de\/wp-json\/wp\/v2\/types\/product"}],"replies":[{"embeddable":true,"href":"https:\/\/bardoleat.com\/de\/wp-json\/wp\/v2\/comments?post=4253"}],"version-history":[{"count":3,"href":"https:\/\/bardoleat.com\/de\/wp-json\/wp\/v2\/product\/4253\/revisions"}],"predecessor-version":[{"id":18588,"href":"https:\/\/bardoleat.com\/de\/wp-json\/wp\/v2\/product\/4253\/revisions\/18588"}],"wp:featuredmedia":[{"embeddable":true,"href":"https:\/\/bardoleat.com\/de\/wp-json\/wp\/v2\/media\/3915"}],"wp:attachment":[{"href":"https:\/\/bardoleat.com\/de\/wp-json\/wp\/v2\/media?parent=4253"}],"wp:term":[{"taxonomy":"product_brand","embeddable":true,"href":"https:\/\/bardoleat.com\/de\/wp-json\/wp\/v2\/product_brand?post=4253"},{"taxonomy":"product_cat","embeddable":true,"href":"https:\/\/bardoleat.com\/de\/wp-json\/wp\/v2\/product_cat?post=4253"},{"taxonomy":"product_tag","embeddable":true,"href":"https:\/\/bardoleat.com\/de\/wp-json\/wp\/v2\/product_tag?post=4253"}],"curies":[{"name":"wp","href":"https:\/\/api.w.org\/{rel}","templated":true}]}}