{"id":4375,"date":"2020-04-02T10:41:19","date_gmt":"2020-04-02T10:41:19","guid":{"rendered":"https:\/\/bardoleat.com\/prodotto\/balsamico-essig-aus-modena-0-50-l-linea-nera\/"},"modified":"2025-03-12T17:12:06","modified_gmt":"2025-03-12T15:12:06","slug":"balsamico-essig-aus-modena-0-50-l-linea-nera","status":"publish","type":"product","link":"https:\/\/bardoleat.com\/de\/prodotto\/balsamico-essig-aus-modena-0-50-l-linea-nera\/","title":{"rendered":"Balsamico-Essig aus Modena 0.50 l &#8220;Linea Nera&#8221;"},"content":{"rendered":"<p>Unsere wirtschaftliche Linie, die nach wie vor hohe Qualit\u00e4tsstandards garantiert.<\/p>\n","protected":false},"excerpt":{"rendered":"<p>Balsamico-Essig aus Modena g.g.A. ohne Farbstoffe und Karamell.<\/p>\n<p>W\u00fcrze f\u00fcr den t\u00e4glichen Gebrauch geeignet. Er zeichnet sich durch eine geringe Dichte und einen S\u00e4uregehalt von 6% aus.<\/p>\n<p>Dichte: <a class=\"image\" href=\"https:\/\/wiki.geogebra.org\/it\/File:Stylingbar_point_filled.svg\"><img decoding=\"async\" src=\"https:\/\/wiki.geogebra.org\/uploads\/thumb\/6\/66\/Stylingbar_point_filled.svg\/16px-Stylingbar_point_filled.svg.png\" alt=\"Stylingbar point filled.svg\" width=\"16\" height=\"16\" \/><\/a>\/5<\/p>\n","protected":false},"featured_media":4371,"comment_status":"open","ping_status":"closed","template":"","meta":[],"product_brand":[],"product_cat":[64],"product_tag":[236,237,235],"class_list":{"0":"post-4375","1":"product","2":"type-product","3":"status-publish","4":"has-post-thumbnail","6":"product_cat-essig","7":"product_tag-balsamico-de","8":"product_tag-balsamico-aus-modena","9":"product_tag-balsamico-essig","11":"first","12":"instock","13":"shipping-taxable","14":"purchasable","15":"product-type-simple"},"_links":{"self":[{"href":"https:\/\/bardoleat.com\/de\/wp-json\/wp\/v2\/product\/4375","targetHints":{"allow":["GET"]}}],"collection":[{"href":"https:\/\/bardoleat.com\/de\/wp-json\/wp\/v2\/product"}],"about":[{"href":"https:\/\/bardoleat.com\/de\/wp-json\/wp\/v2\/types\/product"}],"replies":[{"embeddable":true,"href":"https:\/\/bardoleat.com\/de\/wp-json\/wp\/v2\/comments?post=4375"}],"version-history":[{"count":0,"href":"https:\/\/bardoleat.com\/de\/wp-json\/wp\/v2\/product\/4375\/revisions"}],"wp:featuredmedia":[{"embeddable":true,"href":"https:\/\/bardoleat.com\/de\/wp-json\/wp\/v2\/media\/4371"}],"wp:attachment":[{"href":"https:\/\/bardoleat.com\/de\/wp-json\/wp\/v2\/media?parent=4375"}],"wp:term":[{"taxonomy":"product_brand","embeddable":true,"href":"https:\/\/bardoleat.com\/de\/wp-json\/wp\/v2\/product_brand?post=4375"},{"taxonomy":"product_cat","embeddable":true,"href":"https:\/\/bardoleat.com\/de\/wp-json\/wp\/v2\/product_cat?post=4375"},{"taxonomy":"product_tag","embeddable":true,"href":"https:\/\/bardoleat.com\/de\/wp-json\/wp\/v2\/product_tag?post=4375"}],"curies":[{"name":"wp","href":"https:\/\/api.w.org\/{rel}","templated":true}]}}