{"id":4387,"date":"2020-04-02T10:58:48","date_gmt":"2020-04-02T10:58:48","guid":{"rendered":"https:\/\/bardoleat.com\/prodotto\/suser-weiser-essig-riserva\/"},"modified":"2024-06-29T13:57:02","modified_gmt":"2024-06-29T11:57:02","slug":"suser-weiser-essig-riserva","status":"publish","type":"product","link":"https:\/\/bardoleat.com\/de\/prodotto\/suser-weiser-essig-riserva\/","title":{"rendered":"S\u00fc\u00dfer wei\u00dfer Essig &#8220;Riserva&#8221;"},"content":{"rendered":"<p>Zutaten: Konzentrierter Most aus wei\u00dfen Trauben, Wei\u00dfweinessig. Enth\u00e4lt Sulfite.<\/p>\n<p>Vermarktet von Bardoleat sas, Bardolino, Gardasee<\/p>\n","protected":false},"excerpt":{"rendered":"<p>Inhalt: 250 ml<\/p>\n<p>Der Condimento Bianco Dolce Riserva ist ein hochwertiger wei\u00dfer Essig. Die <strong>Dichte<\/strong> ist hoch und dies ist auf die Verarbeitung in kleinen Holzf\u00e4ssern zur\u00fcckzuf\u00fchren.<\/p>\n<p>Er ist ideal zur Bereicherung von Marinaden oder f\u00fcr einen frischen Salat. Es verst\u00e4rkt den Geschmack des Gerichts und bereichert es.<\/p>\n","protected":false},"featured_media":12521,"comment_status":"open","ping_status":"closed","template":"","meta":[],"product_brand":[],"product_cat":[64],"product_tag":[],"class_list":{"0":"post-4387","1":"product","2":"type-product","3":"status-publish","4":"has-post-thumbnail","6":"product_cat-essig","8":"first","9":"instock","10":"shipping-taxable","11":"purchasable","12":"product-type-simple"},"_links":{"self":[{"href":"https:\/\/bardoleat.com\/de\/wp-json\/wp\/v2\/product\/4387","targetHints":{"allow":["GET"]}}],"collection":[{"href":"https:\/\/bardoleat.com\/de\/wp-json\/wp\/v2\/product"}],"about":[{"href":"https:\/\/bardoleat.com\/de\/wp-json\/wp\/v2\/types\/product"}],"replies":[{"embeddable":true,"href":"https:\/\/bardoleat.com\/de\/wp-json\/wp\/v2\/comments?post=4387"}],"version-history":[{"count":0,"href":"https:\/\/bardoleat.com\/de\/wp-json\/wp\/v2\/product\/4387\/revisions"}],"wp:featuredmedia":[{"embeddable":true,"href":"https:\/\/bardoleat.com\/de\/wp-json\/wp\/v2\/media\/12521"}],"wp:attachment":[{"href":"https:\/\/bardoleat.com\/de\/wp-json\/wp\/v2\/media?parent=4387"}],"wp:term":[{"taxonomy":"product_brand","embeddable":true,"href":"https:\/\/bardoleat.com\/de\/wp-json\/wp\/v2\/product_brand?post=4387"},{"taxonomy":"product_cat","embeddable":true,"href":"https:\/\/bardoleat.com\/de\/wp-json\/wp\/v2\/product_cat?post=4387"},{"taxonomy":"product_tag","embeddable":true,"href":"https:\/\/bardoleat.com\/de\/wp-json\/wp\/v2\/product_tag?post=4387"}],"curies":[{"name":"wp","href":"https:\/\/api.w.org\/{rel}","templated":true}]}}