{"id":4677,"date":"2020-05-13T18:27:59","date_gmt":"2020-05-13T16:27:59","guid":{"rendered":"https:\/\/bardoleat.com\/prodotto\/4677\/"},"modified":"2026-03-19T19:16:33","modified_gmt":"2026-03-19T17:16:33","slug":"condimento-costadoro","status":"publish","type":"product","link":"https:\/\/bardoleat.com\/de\/prodotto\/condimento-costadoro\/","title":{"rendered":"Condimento Costadoro"},"content":{"rendered":"<p>Zutaten: Konzentrierter Most aus wei\u00dfen Trauben, Wei\u00dfweinessig. Enth\u00e4lt Sulfite.<\/p>\n<p>Vermarktet von Azienda Agricola Costadoro, Bardolino.<\/p>\n","protected":false},"excerpt":{"rendered":"<p>250 ml<\/p>\n<p>Wei\u00dfes s\u00fc\u00dfes Reserve-W\u00fcrzmittel der Azienda Agricola Costadoro.<\/p>\n","protected":false},"featured_media":4674,"comment_status":"open","ping_status":"closed","template":"","meta":[],"product_brand":[],"product_cat":[64],"product_tag":[268,267],"class_list":{"0":"post-4677","1":"product","2":"type-product","3":"status-publish","4":"has-post-thumbnail","6":"product_cat-essig","7":"product_tag-essig","8":"product_tag-weisse-essig","10":"first","11":"instock","12":"shipping-taxable","13":"purchasable","14":"product-type-simple"},"_links":{"self":[{"href":"https:\/\/bardoleat.com\/de\/wp-json\/wp\/v2\/product\/4677","targetHints":{"allow":["GET"]}}],"collection":[{"href":"https:\/\/bardoleat.com\/de\/wp-json\/wp\/v2\/product"}],"about":[{"href":"https:\/\/bardoleat.com\/de\/wp-json\/wp\/v2\/types\/product"}],"replies":[{"embeddable":true,"href":"https:\/\/bardoleat.com\/de\/wp-json\/wp\/v2\/comments?post=4677"}],"version-history":[{"count":0,"href":"https:\/\/bardoleat.com\/de\/wp-json\/wp\/v2\/product\/4677\/revisions"}],"wp:featuredmedia":[{"embeddable":true,"href":"https:\/\/bardoleat.com\/de\/wp-json\/wp\/v2\/media\/4674"}],"wp:attachment":[{"href":"https:\/\/bardoleat.com\/de\/wp-json\/wp\/v2\/media?parent=4677"}],"wp:term":[{"taxonomy":"product_brand","embeddable":true,"href":"https:\/\/bardoleat.com\/de\/wp-json\/wp\/v2\/product_brand?post=4677"},{"taxonomy":"product_cat","embeddable":true,"href":"https:\/\/bardoleat.com\/de\/wp-json\/wp\/v2\/product_cat?post=4677"},{"taxonomy":"product_tag","embeddable":true,"href":"https:\/\/bardoleat.com\/de\/wp-json\/wp\/v2\/product_tag?post=4677"}],"curies":[{"name":"wp","href":"https:\/\/api.w.org\/{rel}","templated":true}]}}