{"id":4879,"date":"2020-09-13T12:23:29","date_gmt":"2020-09-13T10:23:29","guid":{"rendered":"https:\/\/bardoleat.com\/prodotto\/salsa-tartufata-80-g\/"},"modified":"2020-09-13T12:23:29","modified_gmt":"2020-09-13T10:23:29","slug":"salsa-tartufata-80-g","status":"publish","type":"product","link":"https:\/\/bardoleat.com\/de\/prodotto\/salsa-tartufata-80-g\/","title":{"rendered":"Salsa Tartufata 80 G"},"content":{"rendered":"<p>Zuchtpilze (Agaricus bisporus), natives Oliven\u00f6l extra, Sonnenblumenkern\u00f6l, schwarze Oliven, Sommertr\u00fcffel 1% (Tuber aestivum Vitt.), Aroma, Salz.<\/p>\n<p>Um die Qualit\u00e4ten des Produkts bestm\u00f6glich zu nutzen, wird empfohlen, eine Menge von 15-20 g Sauce pro Person zu verwenden und diese 5 Minuten lang in einer Pfanne zu erhitzen, nachdem nur Salz und natives Oliven\u00f6l extra hinzugef\u00fcgt wurden.<\/p>\n<p>Er ist ideal als W\u00fcrze f\u00fcr Croutons und F\u00fcllungen f\u00fcr Vorspeisen, erste und zweite G\u00e4nge, Omeletts und als Basis f\u00fcr alle Tr\u00fcffelgerichte.<\/p>\n<p>Lagerung: 36 Monate. Nach dem \u00d6ffnen +2\u00b0 \/ +4\u00b0 lagern und innerhalb von 7 Tagen verbrauchen.<br \/>\nArt der Verpackung: Glasgef\u00e4\u00df<br \/>\nAllergene: Das Produkt enth\u00e4lt keine Allergene (RL 2003\/89\/EG &#8211; D.I.vo Nr. 114\/2006)<br \/>\nDurchschnittliche N\u00e4hrwerte pro 100 g Produkt:<\/p>\n<p>Energie: 1312 KJ \/ 319 kcal<br \/>\nFette: 33 g davon<br \/>\nGes\u00e4ttigte Fetts\u00e4uren: 10 g<br \/>\nKohlenhydrate: 2,2 g davon<br \/>\nFasern: 2 g<br \/>\nZucker: 0,2 g<br \/>\nEiwei\u00df: 2,5 g<br \/>\nSalz (Natrium x 2,5): 1,53 g<\/p>\n","protected":false},"excerpt":{"rendered":"<p>Die Tr\u00fcffelsauce ist eines der am meisten gesch\u00e4tzten Produkte: Ihr typischer Geschmack nach Tr\u00fcffel und Pilzen und ihre einfache Anwendung machen sie zu einem vielseitigen Produkt f\u00fcr viele Rezepte.<\/p>\n<p>VORSCHL\u00c4GE IN DER K\u00dcCHE<\/p>\n<p>Brot (ger\u00f6stet oder Croutons)<br \/>\nTeigwaren, Risotto, Polenta<br \/>\nF\u00fcllung f\u00fcr Teigwaren (Ravioli oder Tortellini) oder Fleisch<br \/>\nGegrilltes, gebratenes oder gebratenes Fleisch<br \/>\nGegrilltes, gebratenes oder in der Pfanne gebratenes Gem\u00fcse (insbesondere Kartoffeln, Artischocken und Auberginen)<br \/>\nOmeletts<br \/>\nPizza<br \/>\nGebackener Fisch<\/p>\n","protected":false},"featured_media":8861,"comment_status":"open","ping_status":"closed","template":"","meta":[],"product_brand":[],"product_cat":[56],"product_tag":[],"class_list":{"0":"post-4879","1":"product","2":"type-product","3":"status-publish","4":"has-post-thumbnail","6":"product_cat-gastronomie","8":"first","9":"instock","10":"shipping-taxable","11":"purchasable","12":"product-type-simple"},"_links":{"self":[{"href":"https:\/\/bardoleat.com\/de\/wp-json\/wp\/v2\/product\/4879","targetHints":{"allow":["GET"]}}],"collection":[{"href":"https:\/\/bardoleat.com\/de\/wp-json\/wp\/v2\/product"}],"about":[{"href":"https:\/\/bardoleat.com\/de\/wp-json\/wp\/v2\/types\/product"}],"replies":[{"embeddable":true,"href":"https:\/\/bardoleat.com\/de\/wp-json\/wp\/v2\/comments?post=4879"}],"version-history":[{"count":0,"href":"https:\/\/bardoleat.com\/de\/wp-json\/wp\/v2\/product\/4879\/revisions"}],"wp:featuredmedia":[{"embeddable":true,"href":"https:\/\/bardoleat.com\/de\/wp-json\/wp\/v2\/media\/8861"}],"wp:attachment":[{"href":"https:\/\/bardoleat.com\/de\/wp-json\/wp\/v2\/media?parent=4879"}],"wp:term":[{"taxonomy":"product_brand","embeddable":true,"href":"https:\/\/bardoleat.com\/de\/wp-json\/wp\/v2\/product_brand?post=4879"},{"taxonomy":"product_cat","embeddable":true,"href":"https:\/\/bardoleat.com\/de\/wp-json\/wp\/v2\/product_cat?post=4879"},{"taxonomy":"product_tag","embeddable":true,"href":"https:\/\/bardoleat.com\/de\/wp-json\/wp\/v2\/product_tag?post=4879"}],"curies":[{"name":"wp","href":"https:\/\/api.w.org\/{rel}","templated":true}]}}