{"id":4887,"date":"2020-09-13T12:46:20","date_gmt":"2020-09-13T10:46:20","guid":{"rendered":"https:\/\/bardoleat.com\/?post_type=product&#038;p=4887"},"modified":"2022-10-13T22:35:54","modified_gmt":"2022-10-13T20:35:54","slug":"sommertruffel-im-glas-18-g","status":"publish","type":"product","link":"https:\/\/bardoleat.com\/de\/prodotto\/sommertruffel-im-glas-18-g\/","title":{"rendered":"Sommertr\u00fcffel im Glas 18 G"},"content":{"rendered":"<p>Der ganze Sommertr\u00fcffel ist das perfekte Produkt f\u00fcr Liebhaber, die nicht auf das Vergn\u00fcgen verzichten wollen, den Tr\u00fcffel 12 Monate im Jahr zu kosten: seine St\u00e4rke ist seine Nat\u00fcrlichkeit, da es sich um einen gewaschenen und in Salzlake konservierten Tr\u00fcffel handelt, ohne dass andere Zutaten hinzugef\u00fcgt werden. Sie kann wie frische Tr\u00fcffel verarbeitet werden: gerieben, in Scheiben geschnitten und in Flocken geschnitten.<br \/>\nAbtropfgewicht: 18 Gramm<\/p>\n<p>VORSCHL\u00c4GE IN DER K\u00dcCHE<\/p>\n<p>&#8211; Teigwaren, Risotto, Polenta<br \/>\n&#8211; Rohes Fleisch: Kalbscarpaccio oder Tartar<br \/>\n&#8211; Roher, gebratener oder gegrillter Fisch<br \/>\n&#8211; Sushi<br \/>\n&#8211; Eier<br \/>\n&#8211; Brot (Toasts, Sandwiches)<br \/>\n&#8211; Fingerfood<br \/>\n&#8211; Krustentiere<\/p>\n<p>Zutaten: Sommertr\u00fcffel, Wasser, Salz, Aroma.<\/p>\n","protected":false},"excerpt":{"rendered":"<p>Ganze, ausgesuchte Sommertr\u00fcffeln mit sehr gutem Reifegrad, mit Tr\u00fcffelsaft eingekocht. Zum Hobeln oder Kleinschneiden. Geeignet zur Herstellung von Terrinen, Pasteten und Saucen. Zu verwenden wie ein frischer Tr\u00fcffel.<\/p>\n","protected":false},"featured_media":8858,"comment_status":"open","ping_status":"closed","template":"","meta":[],"product_brand":[],"product_cat":[56],"product_tag":[298],"class_list":{"0":"post-4887","1":"product","2":"type-product","3":"status-publish","4":"has-post-thumbnail","6":"product_cat-gastronomie","7":"product_tag-truffel","9":"first","10":"instock","11":"shipping-taxable","12":"purchasable","13":"product-type-simple"},"_links":{"self":[{"href":"https:\/\/bardoleat.com\/de\/wp-json\/wp\/v2\/product\/4887","targetHints":{"allow":["GET"]}}],"collection":[{"href":"https:\/\/bardoleat.com\/de\/wp-json\/wp\/v2\/product"}],"about":[{"href":"https:\/\/bardoleat.com\/de\/wp-json\/wp\/v2\/types\/product"}],"replies":[{"embeddable":true,"href":"https:\/\/bardoleat.com\/de\/wp-json\/wp\/v2\/comments?post=4887"}],"version-history":[{"count":0,"href":"https:\/\/bardoleat.com\/de\/wp-json\/wp\/v2\/product\/4887\/revisions"}],"wp:featuredmedia":[{"embeddable":true,"href":"https:\/\/bardoleat.com\/de\/wp-json\/wp\/v2\/media\/8858"}],"wp:attachment":[{"href":"https:\/\/bardoleat.com\/de\/wp-json\/wp\/v2\/media?parent=4887"}],"wp:term":[{"taxonomy":"product_brand","embeddable":true,"href":"https:\/\/bardoleat.com\/de\/wp-json\/wp\/v2\/product_brand?post=4887"},{"taxonomy":"product_cat","embeddable":true,"href":"https:\/\/bardoleat.com\/de\/wp-json\/wp\/v2\/product_cat?post=4887"},{"taxonomy":"product_tag","embeddable":true,"href":"https:\/\/bardoleat.com\/de\/wp-json\/wp\/v2\/product_tag?post=4887"}],"curies":[{"name":"wp","href":"https:\/\/api.w.org\/{rel}","templated":true}]}}