{"id":4949,"date":"2020-09-14T17:55:32","date_gmt":"2020-09-14T15:55:32","guid":{"rendered":"https:\/\/bardoleat.com\/prodotto\/limoncello-limonaia-del-garda\/"},"modified":"2024-10-05T17:17:15","modified_gmt":"2024-10-05T15:17:15","slug":"limoncello-limonaia-del-garda","status":"publish","type":"product","link":"https:\/\/bardoleat.com\/de\/prodotto\/limoncello-limonaia-del-garda\/","title":{"rendered":"Limoncello Limonaia del Garda"},"content":{"rendered":"<p>Was diesen Lik\u00f6r auszeichnet, sind die Menge und die Qualit\u00e4t der Fr\u00fcchte.<\/p>\n<p>Zutaten: Wasser, Alkohol, Zucker, Zitronenschalenaufguss 7%, nat\u00fcrliche Aromen<\/p>\n","protected":false},"excerpt":{"rendered":"<p>Limoncello Limonaia del Garda \/ Marcati<\/p>\n<p>Dieser <strong>Limoncello del Garda<\/strong> wird aus den Schalen der Zitronen der antiken <strong>Limonaia in Torri del Benaco<\/strong>, gleich neben dem Schloss, hergestellt.<br \/>\nWundersch\u00f6ne hundertj\u00e4hrige Pflanzen, die \u00fcber 8 Meter hoch sind, sind Teil des Museums der Burg Torri.<br \/>\nDank des milden Klimas am Gardasee verleihen die Zitronen dem Limoncello einen intensiven und harmonischen Geschmack.<\/p>\n<p>Inhalt: 700ml Alkoholgehalt: Alc 28% Vol.<\/p>\n","protected":false},"featured_media":4947,"comment_status":"open","ping_status":"closed","template":"","meta":[],"product_brand":[],"product_cat":[508],"product_tag":[301,302],"class_list":{"0":"post-4949","1":"product","2":"type-product","3":"status-publish","4":"has-post-thumbnail","6":"product_cat-liquori-de","7":"product_tag-limonata-del-garda-de","8":"product_tag-limoncello-de","10":"first","11":"instock","12":"shipping-taxable","13":"purchasable","14":"product-type-simple"},"_links":{"self":[{"href":"https:\/\/bardoleat.com\/de\/wp-json\/wp\/v2\/product\/4949","targetHints":{"allow":["GET"]}}],"collection":[{"href":"https:\/\/bardoleat.com\/de\/wp-json\/wp\/v2\/product"}],"about":[{"href":"https:\/\/bardoleat.com\/de\/wp-json\/wp\/v2\/types\/product"}],"replies":[{"embeddable":true,"href":"https:\/\/bardoleat.com\/de\/wp-json\/wp\/v2\/comments?post=4949"}],"version-history":[{"count":0,"href":"https:\/\/bardoleat.com\/de\/wp-json\/wp\/v2\/product\/4949\/revisions"}],"wp:featuredmedia":[{"embeddable":true,"href":"https:\/\/bardoleat.com\/de\/wp-json\/wp\/v2\/media\/4947"}],"wp:attachment":[{"href":"https:\/\/bardoleat.com\/de\/wp-json\/wp\/v2\/media?parent=4949"}],"wp:term":[{"taxonomy":"product_brand","embeddable":true,"href":"https:\/\/bardoleat.com\/de\/wp-json\/wp\/v2\/product_brand?post=4949"},{"taxonomy":"product_cat","embeddable":true,"href":"https:\/\/bardoleat.com\/de\/wp-json\/wp\/v2\/product_cat?post=4949"},{"taxonomy":"product_tag","embeddable":true,"href":"https:\/\/bardoleat.com\/de\/wp-json\/wp\/v2\/product_tag?post=4949"}],"curies":[{"name":"wp","href":"https:\/\/api.w.org\/{rel}","templated":true}]}}