{"id":5050,"date":"2020-10-04T20:55:27","date_gmt":"2020-10-04T18:55:27","guid":{"rendered":"https:\/\/bardoleat.com\/prodotto\/lugana-le-creete-ottella\/"},"modified":"2021-01-16T18:01:06","modified_gmt":"2021-01-16T16:01:06","slug":"lugana-le-creete-ottella","status":"publish","type":"product","link":"https:\/\/bardoleat.com\/de\/prodotto\/lugana-le-creete-ottella\/","title":{"rendered":"Lugana Le Creete &#8211; Ottella"},"content":{"rendered":"","protected":false},"excerpt":{"rendered":"<div class=\"media-object cell large-6\">\n<div class=\"media-object-section\">\n<p class=\"media-title\">Die Farbe des <strong>Lugana Ottella Le Creete<\/strong> ist ein intensives und leuchtendes Strohgelb, die Nase ist \u00fcberzeugend und umh\u00fcllend mit Noten von exotischen Fr\u00fcchten wie Ananas und Grapefruit. Im Mund zeigt er seine Struktur, die durch eine gute Frische und eine tolle Mineralit\u00e4t im Abgang gut ausgeglichen wird.<br \/>\n<strong>Lugana Ottella Le Creete<\/strong> ist ein Wein aus <strong>Trebbiano di Lugana<\/strong>, der zu 100% aus Trauben des Weinbergs &#8220;<strong>le Creete<\/strong>&#8221; in San Benedetto di Lugana hergestellt wird. Dieser Weinberg hat besondere Eigenschaften, denn der Boden besteht aus einem hohen Anteil an wei\u00dfem Lehm, der die Trauben besonders wertvoll f\u00fcr die Herstellung von <strong>Lugana Le Creete<\/strong> macht.<\/p>\n<\/div>\n<p>.\n<\/p><\/div>\n","protected":false},"featured_media":5048,"comment_status":"open","ping_status":"closed","template":"","meta":[],"product_brand":[],"product_cat":[104],"product_tag":[317,306,318],"class_list":{"0":"post-5050","1":"product","2":"type-product","3":"status-publish","4":"has-post-thumbnail","6":"product_cat-wein-de","7":"product_tag-le-creete-de","8":"product_tag-lugana-de","9":"product_tag-ottella-de","11":"first","12":"instock","13":"shipping-taxable","14":"purchasable","15":"product-type-simple"},"_links":{"self":[{"href":"https:\/\/bardoleat.com\/de\/wp-json\/wp\/v2\/product\/5050","targetHints":{"allow":["GET"]}}],"collection":[{"href":"https:\/\/bardoleat.com\/de\/wp-json\/wp\/v2\/product"}],"about":[{"href":"https:\/\/bardoleat.com\/de\/wp-json\/wp\/v2\/types\/product"}],"replies":[{"embeddable":true,"href":"https:\/\/bardoleat.com\/de\/wp-json\/wp\/v2\/comments?post=5050"}],"version-history":[{"count":0,"href":"https:\/\/bardoleat.com\/de\/wp-json\/wp\/v2\/product\/5050\/revisions"}],"wp:featuredmedia":[{"embeddable":true,"href":"https:\/\/bardoleat.com\/de\/wp-json\/wp\/v2\/media\/5048"}],"wp:attachment":[{"href":"https:\/\/bardoleat.com\/de\/wp-json\/wp\/v2\/media?parent=5050"}],"wp:term":[{"taxonomy":"product_brand","embeddable":true,"href":"https:\/\/bardoleat.com\/de\/wp-json\/wp\/v2\/product_brand?post=5050"},{"taxonomy":"product_cat","embeddable":true,"href":"https:\/\/bardoleat.com\/de\/wp-json\/wp\/v2\/product_cat?post=5050"},{"taxonomy":"product_tag","embeddable":true,"href":"https:\/\/bardoleat.com\/de\/wp-json\/wp\/v2\/product_tag?post=5050"}],"curies":[{"name":"wp","href":"https:\/\/api.w.org\/{rel}","templated":true}]}}