{"id":5873,"date":"2020-12-20T13:43:00","date_gmt":"2020-12-20T11:43:00","guid":{"rendered":"https:\/\/bardoleat.com\/prodotto\/wurzige-orange-fur-kase\/"},"modified":"2020-12-20T13:43:00","modified_gmt":"2020-12-20T11:43:00","slug":"wurzige-orange-fur-kase","status":"publish","type":"product","link":"https:\/\/bardoleat.com\/de\/prodotto\/wurzige-orange-fur-kase\/","title":{"rendered":"W\u00fcrzige Orange f\u00fcr K\u00e4se"},"content":{"rendered":"<p>Hersteller: Orto d&#8217;Autore. 100 % italienisches Produkt.<\/p>\n<p>Wir verwenden keine Aromen und Konservierungsstoffe f\u00fcr unsere Produkte. Die Gesundheit unserer Verbraucher ist eines unserer Hauptziele. Natur ist genug des Guten!<\/p>\n","protected":false},"excerpt":{"rendered":"<p>Inhalt: 100 G<\/p>\n<p>Leckere K\u00e4secreme, ideal zu allen Arten von K\u00e4se und Fleisch.<\/p>\n<p>Zutaten: Orangen (70%), Zucker, scharfe Chilischote (0,05%), Zitronensaft. Verdickungsmittel: Pektin.<\/p>\n","protected":false},"featured_media":5883,"comment_status":"open","ping_status":"closed","template":"","meta":[],"product_brand":[],"product_cat":[56],"product_tag":[],"class_list":{"0":"post-5873","1":"product","2":"type-product","3":"status-publish","4":"has-post-thumbnail","6":"product_cat-gastronomie","8":"first","9":"instock","10":"shipping-taxable","11":"purchasable","12":"product-type-simple"},"_links":{"self":[{"href":"https:\/\/bardoleat.com\/de\/wp-json\/wp\/v2\/product\/5873","targetHints":{"allow":["GET"]}}],"collection":[{"href":"https:\/\/bardoleat.com\/de\/wp-json\/wp\/v2\/product"}],"about":[{"href":"https:\/\/bardoleat.com\/de\/wp-json\/wp\/v2\/types\/product"}],"replies":[{"embeddable":true,"href":"https:\/\/bardoleat.com\/de\/wp-json\/wp\/v2\/comments?post=5873"}],"version-history":[{"count":0,"href":"https:\/\/bardoleat.com\/de\/wp-json\/wp\/v2\/product\/5873\/revisions"}],"wp:featuredmedia":[{"embeddable":true,"href":"https:\/\/bardoleat.com\/de\/wp-json\/wp\/v2\/media\/5883"}],"wp:attachment":[{"href":"https:\/\/bardoleat.com\/de\/wp-json\/wp\/v2\/media?parent=5873"}],"wp:term":[{"taxonomy":"product_brand","embeddable":true,"href":"https:\/\/bardoleat.com\/de\/wp-json\/wp\/v2\/product_brand?post=5873"},{"taxonomy":"product_cat","embeddable":true,"href":"https:\/\/bardoleat.com\/de\/wp-json\/wp\/v2\/product_cat?post=5873"},{"taxonomy":"product_tag","embeddable":true,"href":"https:\/\/bardoleat.com\/de\/wp-json\/wp\/v2\/product_tag?post=5873"}],"curies":[{"name":"wp","href":"https:\/\/api.w.org\/{rel}","templated":true}]}}