{"id":6121,"date":"2021-01-23T15:42:37","date_gmt":"2021-01-23T13:42:37","guid":{"rendered":"https:\/\/bardoleat.com\/prodotto\/6121\/"},"modified":"2021-01-23T15:47:48","modified_gmt":"2021-01-23T13:47:48","slug":"rosso-dolce-g-costadoro","status":"publish","type":"product","link":"https:\/\/bardoleat.com\/de\/prodotto\/rosso-dolce-g-costadoro\/","title":{"rendered":"Rosso Dolce G Costadoro"},"content":{"rendered":"<p>Produziert mit Liebe auf den sonnigen H\u00fcgeln von Bardolino (VR) &#8211; Italien.<\/p>\n","protected":false},"excerpt":{"rendered":"<p>Inhalt: 500 ml<\/p>\n<p>Die Azienda Agricola Costadoro aus Bardolino pr\u00e4sentiert diese sehr kleine Produktion eines s\u00fc\u00dfen Rotweins, der hervorragend zu Desserts oder als Meditationswein passt.<\/p>\n<p>Es ist ein Passito-Wein, der zu 100% in Bardolino hergestellt wird.<\/p>\n","protected":false},"featured_media":11438,"comment_status":"open","ping_status":"closed","template":"","meta":[],"product_brand":[],"product_cat":[104],"product_tag":[183],"class_list":{"0":"post-6121","1":"product","2":"type-product","3":"status-publish","4":"has-post-thumbnail","6":"product_cat-wein-de","7":"product_tag-costadoro-de","9":"first","10":"instock","11":"shipping-taxable","12":"purchasable","13":"product-type-simple"},"_links":{"self":[{"href":"https:\/\/bardoleat.com\/de\/wp-json\/wp\/v2\/product\/6121","targetHints":{"allow":["GET"]}}],"collection":[{"href":"https:\/\/bardoleat.com\/de\/wp-json\/wp\/v2\/product"}],"about":[{"href":"https:\/\/bardoleat.com\/de\/wp-json\/wp\/v2\/types\/product"}],"replies":[{"embeddable":true,"href":"https:\/\/bardoleat.com\/de\/wp-json\/wp\/v2\/comments?post=6121"}],"version-history":[{"count":0,"href":"https:\/\/bardoleat.com\/de\/wp-json\/wp\/v2\/product\/6121\/revisions"}],"wp:featuredmedia":[{"embeddable":true,"href":"https:\/\/bardoleat.com\/de\/wp-json\/wp\/v2\/media\/11438"}],"wp:attachment":[{"href":"https:\/\/bardoleat.com\/de\/wp-json\/wp\/v2\/media?parent=6121"}],"wp:term":[{"taxonomy":"product_brand","embeddable":true,"href":"https:\/\/bardoleat.com\/de\/wp-json\/wp\/v2\/product_brand?post=6121"},{"taxonomy":"product_cat","embeddable":true,"href":"https:\/\/bardoleat.com\/de\/wp-json\/wp\/v2\/product_cat?post=6121"},{"taxonomy":"product_tag","embeddable":true,"href":"https:\/\/bardoleat.com\/de\/wp-json\/wp\/v2\/product_tag?post=6121"}],"curies":[{"name":"wp","href":"https:\/\/api.w.org\/{rel}","templated":true}]}}