{"id":6589,"date":"2021-03-04T12:09:23","date_gmt":"2021-03-04T10:09:23","guid":{"rendered":"https:\/\/bardoleat.com\/prodotto\/extra-vergine-olivenol-limited-edition-luca-erbifori\/"},"modified":"2026-03-19T11:29:13","modified_gmt":"2026-03-19T09:29:13","slug":"extra-vergine-olivenol-limited-edition-luca-erbifori","status":"publish","type":"product","link":"https:\/\/bardoleat.com\/de\/prodotto\/extra-vergine-olivenol-limited-edition-luca-erbifori\/","title":{"rendered":"Natives Oliven\u00f6l Extra Limited Edition &#8220;Luca Erbifori&#8221;"},"content":{"rendered":"<p>Mit Liebe von 100% italienischen Olivenbauern nach alter Tradition hergestellt.<\/p>\n<p>&nbsp;<\/p>\n","protected":false},"excerpt":{"rendered":"<p><strong>Ungefiltertes, kaltgepresstes<\/strong> natives Oliven\u00f6l extra mit einem leichten und ausgewogenen Geschmack.<\/p>\n<p>Flascheninhalt: 500 ml<\/p>\n<p><em><strong>UNSERE LIMITIERTE AUFLAGE<\/strong><\/em><\/p>\n<p>Die sorgf\u00e4ltige Auswahl der Oliven wird durch die <strong>Nummerierung der Flaschen<\/strong> garantiert: f\u00fcr jedes Produktionsjahr werden einige wenige Liter dieses Produkts ausgew\u00e4hlt, die zu einer echten Exzellenz werden, die in der ganzen Welt begehrt ist. Jede Flasche hat eine eindeutige fortlaufende Nummer auf dem Etikett.<\/p>\n<p>F\u00fcr die Ernte <strong>2026<\/strong>\u00a0haben wir uns entschieden, <strong>nur 312 Flaschen<\/strong> auf den Markt zu bringen, weil sie unserer Meinung nach diese \u00d6lkampagne am besten identifizieren.<\/p>\n<p>Das Produkt ist naturgem\u00e4\u00df tr\u00fcb. Eventuelle Ablagerungen auf dem Flaschenboden sind ein Abbild der nat\u00fcrlichen Physiologie des Produktes.<\/p>\n<p>Dieses Oliven\u00f6l ist: kaltgepresst, ungefiltert, s\u00fc\u00df, Oliven geerntet mit traditionellen Methoden, R\u00fcckverfolgbarkeit entlang der kurzen Kette garantiert.<\/p>\n","protected":false},"featured_media":18818,"comment_status":"open","ping_status":"closed","template":"","meta":[],"product_brand":[],"product_cat":[58],"product_tag":[],"class_list":{"0":"post-6589","1":"product","2":"type-product","3":"status-publish","4":"has-post-thumbnail","6":"product_cat-olivenol","8":"first","9":"instock","10":"shipping-taxable","11":"purchasable","12":"product-type-simple"},"_links":{"self":[{"href":"https:\/\/bardoleat.com\/de\/wp-json\/wp\/v2\/product\/6589","targetHints":{"allow":["GET"]}}],"collection":[{"href":"https:\/\/bardoleat.com\/de\/wp-json\/wp\/v2\/product"}],"about":[{"href":"https:\/\/bardoleat.com\/de\/wp-json\/wp\/v2\/types\/product"}],"replies":[{"embeddable":true,"href":"https:\/\/bardoleat.com\/de\/wp-json\/wp\/v2\/comments?post=6589"}],"version-history":[{"count":4,"href":"https:\/\/bardoleat.com\/de\/wp-json\/wp\/v2\/product\/6589\/revisions"}],"predecessor-version":[{"id":18798,"href":"https:\/\/bardoleat.com\/de\/wp-json\/wp\/v2\/product\/6589\/revisions\/18798"}],"wp:featuredmedia":[{"embeddable":true,"href":"https:\/\/bardoleat.com\/de\/wp-json\/wp\/v2\/media\/18818"}],"wp:attachment":[{"href":"https:\/\/bardoleat.com\/de\/wp-json\/wp\/v2\/media?parent=6589"}],"wp:term":[{"taxonomy":"product_brand","embeddable":true,"href":"https:\/\/bardoleat.com\/de\/wp-json\/wp\/v2\/product_brand?post=6589"},{"taxonomy":"product_cat","embeddable":true,"href":"https:\/\/bardoleat.com\/de\/wp-json\/wp\/v2\/product_cat?post=6589"},{"taxonomy":"product_tag","embeddable":true,"href":"https:\/\/bardoleat.com\/de\/wp-json\/wp\/v2\/product_tag?post=6589"}],"curies":[{"name":"wp","href":"https:\/\/api.w.org\/{rel}","templated":true}]}}