{"id":6698,"date":"2021-03-29T19:15:42","date_gmt":"2021-03-29T17:15:42","guid":{"rendered":"https:\/\/bardoleat.com\/prodotto\/shampoo-mit-zitrone\/"},"modified":"2024-06-08T22:52:20","modified_gmt":"2024-06-08T20:52:20","slug":"shampoo-mit-zitrone","status":"publish","type":"product","link":"https:\/\/bardoleat.com\/de\/prodotto\/shampoo-mit-zitrone\/","title":{"rendered":"Shampoo mit Zitrone"},"content":{"rendered":"<p><strong>POG<\/strong><br \/>\nCooperativa Produttori Olio\u00a0Extra Vergine di Oliva del Lago di Garda.<\/p>\n","protected":false},"excerpt":{"rendered":"<p>Reich an Inhaltsstoffen pflanzlichen Ursprungs, reinigt es sanft, ohne die Haarrinde anzugreifen, so dass auch eine h\u00e4ufige Anwendung m\u00f6glich ist.<\/p>\n<p>Es ist eine revitalisierende Mischung, die dem Haar ein sauberes und erfrischtes Aussehen verleiht. Dieses Oliven\u00f6l-Shampoo von Produttori Olivicoli Gardesani (POG) n\u00e4hrt die Haarfollikel und macht sie stark und seidig, w\u00e4hrend es gleichzeitig die Kopfhaut mit Feuchtigkeit versorgt.<\/p>\n<p>Inhalt: 250 ml<\/p>\n","protected":false},"featured_media":6695,"comment_status":"open","ping_status":"closed","template":"","meta":[],"product_brand":[],"product_cat":[54],"product_tag":[423],"class_list":{"0":"post-6698","1":"product","2":"type-product","3":"status-publish","4":"has-post-thumbnail","6":"product_cat-korperpflege-de","7":"product_tag-zitrone-shampoo","9":"first","10":"instock","11":"shipping-taxable","12":"purchasable","13":"product-type-simple"},"_links":{"self":[{"href":"https:\/\/bardoleat.com\/de\/wp-json\/wp\/v2\/product\/6698","targetHints":{"allow":["GET"]}}],"collection":[{"href":"https:\/\/bardoleat.com\/de\/wp-json\/wp\/v2\/product"}],"about":[{"href":"https:\/\/bardoleat.com\/de\/wp-json\/wp\/v2\/types\/product"}],"replies":[{"embeddable":true,"href":"https:\/\/bardoleat.com\/de\/wp-json\/wp\/v2\/comments?post=6698"}],"version-history":[{"count":0,"href":"https:\/\/bardoleat.com\/de\/wp-json\/wp\/v2\/product\/6698\/revisions"}],"wp:featuredmedia":[{"embeddable":true,"href":"https:\/\/bardoleat.com\/de\/wp-json\/wp\/v2\/media\/6695"}],"wp:attachment":[{"href":"https:\/\/bardoleat.com\/de\/wp-json\/wp\/v2\/media?parent=6698"}],"wp:term":[{"taxonomy":"product_brand","embeddable":true,"href":"https:\/\/bardoleat.com\/de\/wp-json\/wp\/v2\/product_brand?post=6698"},{"taxonomy":"product_cat","embeddable":true,"href":"https:\/\/bardoleat.com\/de\/wp-json\/wp\/v2\/product_cat?post=6698"},{"taxonomy":"product_tag","embeddable":true,"href":"https:\/\/bardoleat.com\/de\/wp-json\/wp\/v2\/product_tag?post=6698"}],"curies":[{"name":"wp","href":"https:\/\/api.w.org\/{rel}","templated":true}]}}