{"id":7361,"date":"2021-10-01T16:04:55","date_gmt":"2021-10-01T14:04:55","guid":{"rendered":"https:\/\/bardoleat.com\/prodotto\/lugana-cantina-del-garda\/"},"modified":"2024-03-19T10:49:40","modified_gmt":"2024-03-19T08:49:40","slug":"lugana-cantina-del-garda","status":"publish","type":"product","link":"https:\/\/bardoleat.com\/de\/prodotto\/lugana-cantina-del-garda\/","title":{"rendered":"6x Lugana Cantina del Garda"},"content":{"rendered":"<p><strong>Trauben<\/strong>: 100% Turbiana<\/p>\n<p><strong>Klassifizierung<\/strong>: Bezeichnung des kontrollierten Ursprungs<\/p>\n<p><strong>Boden<\/strong>: Lehmig<\/p>\n<p><strong>Reifung<\/strong>: 4 Monate in Stahl<\/p>\n<p><strong>Analytische Daten<\/strong>: Alkoholgehalt: 12,50 % vol.<\/p>\n<p><strong>Organoleptische Merkmale<\/strong>:<br \/>\n&#8211; Farbe: strohgelbe Farbe;<br \/>\n&#8211; Bouquet: intensiv und fruchtig;<br \/>\n&#8211; Geschmack: frisch und harmonisch.<\/p>\n<p><strong>Serviertemperatur<\/strong>: 12 &#8211; 14\u00b0C<\/p>\n","protected":false},"excerpt":{"rendered":"<p>Das Weingut, dem wir diesen fruchtigen und erfrischenden Wei\u00dfwein verdanken, befindet sich in der N\u00e4he der historischen Stadt Verona, in der N\u00e4he des Gardasees, der auch als Schauplatz der Geschichte von Romeo und Julia bekannt ist. Er wird aus der einzigartigen Rebsorte Turbiana hergestellt. Der Wein reift bis zur Abf\u00fcllung vier Monate in Edelstahltanks.<\/p>\n","protected":false},"featured_media":13093,"comment_status":"open","ping_status":"closed","template":"","meta":[],"product_brand":[],"product_cat":[104],"product_tag":[306],"class_list":{"0":"post-7361","1":"product","2":"type-product","3":"status-publish","4":"has-post-thumbnail","6":"product_cat-wein-de","7":"product_tag-lugana-de","9":"first","10":"instock","11":"shipping-taxable","12":"purchasable","13":"product-type-simple"},"_links":{"self":[{"href":"https:\/\/bardoleat.com\/de\/wp-json\/wp\/v2\/product\/7361","targetHints":{"allow":["GET"]}}],"collection":[{"href":"https:\/\/bardoleat.com\/de\/wp-json\/wp\/v2\/product"}],"about":[{"href":"https:\/\/bardoleat.com\/de\/wp-json\/wp\/v2\/types\/product"}],"replies":[{"embeddable":true,"href":"https:\/\/bardoleat.com\/de\/wp-json\/wp\/v2\/comments?post=7361"}],"version-history":[{"count":0,"href":"https:\/\/bardoleat.com\/de\/wp-json\/wp\/v2\/product\/7361\/revisions"}],"wp:featuredmedia":[{"embeddable":true,"href":"https:\/\/bardoleat.com\/de\/wp-json\/wp\/v2\/media\/13093"}],"wp:attachment":[{"href":"https:\/\/bardoleat.com\/de\/wp-json\/wp\/v2\/media?parent=7361"}],"wp:term":[{"taxonomy":"product_brand","embeddable":true,"href":"https:\/\/bardoleat.com\/de\/wp-json\/wp\/v2\/product_brand?post=7361"},{"taxonomy":"product_cat","embeddable":true,"href":"https:\/\/bardoleat.com\/de\/wp-json\/wp\/v2\/product_cat?post=7361"},{"taxonomy":"product_tag","embeddable":true,"href":"https:\/\/bardoleat.com\/de\/wp-json\/wp\/v2\/product_tag?post=7361"}],"curies":[{"name":"wp","href":"https:\/\/api.w.org\/{rel}","templated":true}]}}