{"id":7772,"date":"2021-12-28T20:22:40","date_gmt":"2021-12-28T18:22:40","guid":{"rendered":"https:\/\/bardoleat.com\/prodotto\/bardolino-superiore-docg-ca-bottura\/"},"modified":"2022-10-14T13:15:22","modified_gmt":"2022-10-14T11:15:22","slug":"bardolino-superiore-docg-ca-bottura","status":"publish","type":"product","link":"https:\/\/bardoleat.com\/de\/prodotto\/bardolino-superiore-docg-ca-bottura\/","title":{"rendered":"Bardolino Superiore DOCG C\u00e0 Bottura"},"content":{"rendered":"<p>Der Bardolino Superiore Classico wird aus ausgew\u00e4hlten roten und leicht getrockneten Corvina, Rondinella und Sangiovese-Trauben hergestellt. Dieser Bardolino \u00fcberzeugt mit seinem intensiven Aroma und dem ausgewogenen Bouquet mit Noten von reifen roten Fr\u00fcchten. Seine gute Struktur mit w\u00fcrzigen Akzenten entwickelt er bei seiner zw\u00f6lfmonatigen Reifung in Eichenf\u00e4ssern.<\/p>\n<p>Inhalt: 0,75 l<\/p>\n<p>Farbe: Intensiv rubinrot mit granatfarbenen Reflexen<\/p>\n<p>Geschmack: Lieblich, harmonisch mit guter Struktur<\/p>\n<p>Alkoholgehalt: 14% vol.<\/p>\n<p>Rebsorten: Corvina 60%, Rondinella 30%, Sangiovese 10%<\/p>\n<p>Begleitidee: Ausgezeichnet in Kombination mit rotem Fleisch, gegrilltem Fleisch, Wildgerichten, Schmorbraten, Eint\u00f6pfen, Braten und reifem K\u00e4se.<\/p>\n<p>Serviertemperatur: 18-20 \u00b0C<\/p>\n","protected":false},"excerpt":{"rendered":"<p>Der Bardolino Superiore Classico DOCG \u201cVino dell\u2019Eremo\u201d wird aus ausgew\u00e4hlten roten und leicht getrockneten Corvina, Rondinella und Sangiovese Trauben hergestellt. Ein Wein mit raffiniertem Aroma, intensiv, mit Noten von reifen roten Fr\u00fcchten, s\u00fc\u00dfem Geschmack, ausgewogen mit guter Struktur mit w\u00fcrzigen Akzenten. Ausgezeichnet in Kombination mit rotem Fleisch, gegrilltem Fleisch, Wildgerichten, Schmorbraten, Eint\u00f6pfen, Braten und reifem K\u00e4se.<\/p>\n","protected":false},"featured_media":7769,"comment_status":"open","ping_status":"closed","template":"","meta":[],"product_brand":[],"product_cat":[104],"product_tag":[321],"class_list":{"0":"post-7772","1":"product","2":"type-product","3":"status-publish","4":"has-post-thumbnail","6":"product_cat-wein-de","7":"product_tag-bardolino-superiore-de","9":"first","10":"instock","11":"shipping-taxable","12":"purchasable","13":"product-type-simple"},"_links":{"self":[{"href":"https:\/\/bardoleat.com\/de\/wp-json\/wp\/v2\/product\/7772","targetHints":{"allow":["GET"]}}],"collection":[{"href":"https:\/\/bardoleat.com\/de\/wp-json\/wp\/v2\/product"}],"about":[{"href":"https:\/\/bardoleat.com\/de\/wp-json\/wp\/v2\/types\/product"}],"replies":[{"embeddable":true,"href":"https:\/\/bardoleat.com\/de\/wp-json\/wp\/v2\/comments?post=7772"}],"version-history":[{"count":0,"href":"https:\/\/bardoleat.com\/de\/wp-json\/wp\/v2\/product\/7772\/revisions"}],"wp:featuredmedia":[{"embeddable":true,"href":"https:\/\/bardoleat.com\/de\/wp-json\/wp\/v2\/media\/7769"}],"wp:attachment":[{"href":"https:\/\/bardoleat.com\/de\/wp-json\/wp\/v2\/media?parent=7772"}],"wp:term":[{"taxonomy":"product_brand","embeddable":true,"href":"https:\/\/bardoleat.com\/de\/wp-json\/wp\/v2\/product_brand?post=7772"},{"taxonomy":"product_cat","embeddable":true,"href":"https:\/\/bardoleat.com\/de\/wp-json\/wp\/v2\/product_cat?post=7772"},{"taxonomy":"product_tag","embeddable":true,"href":"https:\/\/bardoleat.com\/de\/wp-json\/wp\/v2\/product_tag?post=7772"}],"curies":[{"name":"wp","href":"https:\/\/api.w.org\/{rel}","templated":true}]}}