{"id":8196,"date":"2022-02-15T10:01:47","date_gmt":"2022-02-15T08:01:47","guid":{"rendered":"https:\/\/bardoleat.com\/prodotto\/6x-spumante-bianco-brut-metodo-tradizionale\/"},"modified":"2024-11-19T15:59:18","modified_gmt":"2024-11-19T13:59:18","slug":"6x-spumante-bianco-brut-metodo-tradizionale","status":"publish","type":"product","link":"https:\/\/bardoleat.com\/de\/prodotto\/6x-spumante-bianco-brut-metodo-tradizionale\/","title":{"rendered":"6x Spumante Bianco Brut Metodo Tradizionale"},"content":{"rendered":"","protected":false},"excerpt":{"rendered":"<p>Die traditionelle Methode brut wei\u00dfer Schaumwein, Symbol der Exzellenz, ist die Frucht einer raffinierten und begrenzten Produktion, mit mindestens 48 Monaten Reifung auf der Hefe<\/p>\n<p>Eigenschaften: Strohgelbe Farbe mit goldenen Reflexen, feine und anhaltende Perlage. In der Nase zeigen sich frische Noten von wei\u00dfen Blumen und wei\u00dfen Fr\u00fcchten. Ausgewogen und fruchtig am Gaumen.<\/p>\n<p>Alkoholgehalt: 11,5% vol.<\/p>\n<p>Passt hervorragend zu: Er eignet sich hervorragend als Aperitif, kann aber auch w\u00e4hrend einer Mahlzeit getrunken werden, insbesondere zu Vorspeisen und leichten Fischgerichten, sowohl aus dem Meer als auch aus dem See.<\/p>\n<p>Servierempfehlung: Bei einer Temperatur von 5-6 Grad servieren.<\/p>\n","protected":false},"featured_media":15971,"comment_status":"open","ping_status":"closed","template":"","meta":[],"product_brand":[],"product_cat":[104],"product_tag":[],"class_list":{"0":"post-8196","1":"product","2":"type-product","3":"status-publish","4":"has-post-thumbnail","6":"product_cat-wein-de","8":"first","9":"instock","10":"shipping-taxable","11":"purchasable","12":"product-type-simple"},"_links":{"self":[{"href":"https:\/\/bardoleat.com\/de\/wp-json\/wp\/v2\/product\/8196","targetHints":{"allow":["GET"]}}],"collection":[{"href":"https:\/\/bardoleat.com\/de\/wp-json\/wp\/v2\/product"}],"about":[{"href":"https:\/\/bardoleat.com\/de\/wp-json\/wp\/v2\/types\/product"}],"replies":[{"embeddable":true,"href":"https:\/\/bardoleat.com\/de\/wp-json\/wp\/v2\/comments?post=8196"}],"version-history":[{"count":2,"href":"https:\/\/bardoleat.com\/de\/wp-json\/wp\/v2\/product\/8196\/revisions"}],"predecessor-version":[{"id":15977,"href":"https:\/\/bardoleat.com\/de\/wp-json\/wp\/v2\/product\/8196\/revisions\/15977"}],"wp:featuredmedia":[{"embeddable":true,"href":"https:\/\/bardoleat.com\/de\/wp-json\/wp\/v2\/media\/15971"}],"wp:attachment":[{"href":"https:\/\/bardoleat.com\/de\/wp-json\/wp\/v2\/media?parent=8196"}],"wp:term":[{"taxonomy":"product_brand","embeddable":true,"href":"https:\/\/bardoleat.com\/de\/wp-json\/wp\/v2\/product_brand?post=8196"},{"taxonomy":"product_cat","embeddable":true,"href":"https:\/\/bardoleat.com\/de\/wp-json\/wp\/v2\/product_cat?post=8196"},{"taxonomy":"product_tag","embeddable":true,"href":"https:\/\/bardoleat.com\/de\/wp-json\/wp\/v2\/product_tag?post=8196"}],"curies":[{"name":"wp","href":"https:\/\/api.w.org\/{rel}","templated":true}]}}