{"id":8202,"date":"2022-02-15T10:03:14","date_gmt":"2022-02-15T08:03:14","guid":{"rendered":"https:\/\/bardoleat.com\/prodotto\/6x-spumante-bianco-extra-dry-metodo-tradizionale\/"},"modified":"2024-11-19T16:02:26","modified_gmt":"2024-11-19T14:02:26","slug":"6x-spumante-bianco-extra-dry-metodo-tradizionale","status":"publish","type":"product","link":"https:\/\/bardoleat.com\/de\/prodotto\/6x-spumante-bianco-extra-dry-metodo-tradizionale\/","title":{"rendered":"6x Spumante Bianco Dry Metodo Tradizionale"},"content":{"rendered":"","protected":false},"excerpt":{"rendered":"<p>Der trockene wei\u00dfe Sekt, der nach der traditionellen Methode hergestellt wird, zeichnet sich durch seine Eleganz und ausgewogene S\u00fc\u00dfe aus und reift mindestens 48 Monate lang<\/p>\n<p>Eigenschaften: Strohgelbe Farbe mit goldenen Reflexen, feine und anhaltende Perlage.<\/p>\n<p>Alkoholgehalt: 11,5% vol.<\/p>\n<p>Ideale Kombination: Ein hervorragender Wein f\u00fcr den Abschluss eines Essens und f\u00fcr Desserts<\/p>\n<p>Serviervorschlag: Bei einer Temperatur von 5-6 Grad servieren.<\/p>\n","protected":false},"featured_media":15981,"comment_status":"open","ping_status":"closed","template":"","meta":[],"product_brand":[],"product_cat":[104],"product_tag":[],"class_list":{"0":"post-8202","1":"product","2":"type-product","3":"status-publish","4":"has-post-thumbnail","6":"product_cat-wein-de","8":"first","9":"instock","10":"shipping-taxable","11":"purchasable","12":"product-type-simple"},"_links":{"self":[{"href":"https:\/\/bardoleat.com\/de\/wp-json\/wp\/v2\/product\/8202","targetHints":{"allow":["GET"]}}],"collection":[{"href":"https:\/\/bardoleat.com\/de\/wp-json\/wp\/v2\/product"}],"about":[{"href":"https:\/\/bardoleat.com\/de\/wp-json\/wp\/v2\/types\/product"}],"replies":[{"embeddable":true,"href":"https:\/\/bardoleat.com\/de\/wp-json\/wp\/v2\/comments?post=8202"}],"version-history":[{"count":2,"href":"https:\/\/bardoleat.com\/de\/wp-json\/wp\/v2\/product\/8202\/revisions"}],"predecessor-version":[{"id":15986,"href":"https:\/\/bardoleat.com\/de\/wp-json\/wp\/v2\/product\/8202\/revisions\/15986"}],"wp:featuredmedia":[{"embeddable":true,"href":"https:\/\/bardoleat.com\/de\/wp-json\/wp\/v2\/media\/15981"}],"wp:attachment":[{"href":"https:\/\/bardoleat.com\/de\/wp-json\/wp\/v2\/media?parent=8202"}],"wp:term":[{"taxonomy":"product_brand","embeddable":true,"href":"https:\/\/bardoleat.com\/de\/wp-json\/wp\/v2\/product_brand?post=8202"},{"taxonomy":"product_cat","embeddable":true,"href":"https:\/\/bardoleat.com\/de\/wp-json\/wp\/v2\/product_cat?post=8202"},{"taxonomy":"product_tag","embeddable":true,"href":"https:\/\/bardoleat.com\/de\/wp-json\/wp\/v2\/product_tag?post=8202"}],"curies":[{"name":"wp","href":"https:\/\/api.w.org\/{rel}","templated":true}]}}