{"id":8269,"date":"2022-02-18T23:39:10","date_gmt":"2022-02-18T21:39:10","guid":{"rendered":"https:\/\/bardoleat.com\/?post_type=product&#038;p=8269"},"modified":"2026-01-29T16:30:17","modified_gmt":"2026-01-29T14:30:17","slug":"extra-vergine-olivenoel-fruttato-5-l","status":"publish","type":"product","link":"https:\/\/bardoleat.com\/de\/prodotto\/extra-vergine-olivenoel-fruttato-5-l\/","title":{"rendered":"Natives Oliven\u00f6l Extra &#8220;Fruttato&#8221; 5L"},"content":{"rendered":"<p><strong>ACHTUNG:<\/strong> Trotz unserer Sorgfalt bei der Verpackung kann dieses Produkt w\u00e4hrend des Transports Druckstellen aufweisen, die die Qualit\u00e4t des \u00d6ls nicht beeintr\u00e4chtigen. Wenn das ein Problem f\u00fcr Sie ist, k\u00f6nnen Sie unser Flaschenformat kaufen.<\/p>\n<p>Oliven\u00f6l von Licht und W\u00e4rme fernhalten.<\/p>\n<p><img fetchpriority=\"high\" decoding=\"async\" class=\"alignnone size-full wp-image-4563\" src=\"https:\/\/bardoleat.com\/wp-content\/uploads\/2019\/01\/olive-640w.jpg\" sizes=\"(max-width: 640px) 100vw, 640px\" srcset=\"https:\/\/bardoleat.com\/wp-content\/uploads\/2019\/01\/olive-640w.jpg 640w, https:\/\/bardoleat.com\/wp-content\/uploads\/2019\/01\/olive-640w-600x217.jpg 600w, https:\/\/bardoleat.com\/wp-content\/uploads\/2019\/01\/olive-640w-300x108.jpg 300w\" alt=\"\" width=\"640\" height=\"231\" \/><\/p>\n","protected":false},"excerpt":{"rendered":"<p><strong>Inhalt: 5 l<\/strong><\/p>\n<p><strong>Wir\u00a0<\/strong>gewinnen dieses\u00a0<strong>extra native Oliven\u00f6l zu 100% aus italienischen Oliven<\/strong>. Diese werden sofort nach der Ernte kalt gepresst, sodass ein hochwertiges Oliven\u00f6l mit fruchtigem Aroma entsteht. Im Abgang weist es eine scharfe Note auf und hinterl\u00e4sst einen angenehm bitteren Nachgeschmack.<\/p>\n<p>Unser Fruttato ist sicherlich das intensivste Produkt, geeignet f\u00fcr all diejenigen, die es lieben, dieses leichte Kribbeln auf der Zunge zu sp\u00fcren!<\/p>\n<p>Intensit\u00e4t: 5\/5<\/p>\n<p><strong>Kaltgepresst<\/strong>. Vegan OK.<\/p>\n","protected":false},"featured_media":8265,"comment_status":"open","ping_status":"closed","template":"","meta":[],"product_brand":[],"product_cat":[58],"product_tag":[],"class_list":{"0":"post-8269","1":"product","2":"type-product","3":"status-publish","4":"has-post-thumbnail","6":"product_cat-olivenol","8":"first","9":"instock","10":"shipping-taxable","11":"purchasable","12":"product-type-simple"},"_links":{"self":[{"href":"https:\/\/bardoleat.com\/de\/wp-json\/wp\/v2\/product\/8269","targetHints":{"allow":["GET"]}}],"collection":[{"href":"https:\/\/bardoleat.com\/de\/wp-json\/wp\/v2\/product"}],"about":[{"href":"https:\/\/bardoleat.com\/de\/wp-json\/wp\/v2\/types\/product"}],"replies":[{"embeddable":true,"href":"https:\/\/bardoleat.com\/de\/wp-json\/wp\/v2\/comments?post=8269"}],"version-history":[{"count":4,"href":"https:\/\/bardoleat.com\/de\/wp-json\/wp\/v2\/product\/8269\/revisions"}],"predecessor-version":[{"id":18569,"href":"https:\/\/bardoleat.com\/de\/wp-json\/wp\/v2\/product\/8269\/revisions\/18569"}],"wp:featuredmedia":[{"embeddable":true,"href":"https:\/\/bardoleat.com\/de\/wp-json\/wp\/v2\/media\/8265"}],"wp:attachment":[{"href":"https:\/\/bardoleat.com\/de\/wp-json\/wp\/v2\/media?parent=8269"}],"wp:term":[{"taxonomy":"product_brand","embeddable":true,"href":"https:\/\/bardoleat.com\/de\/wp-json\/wp\/v2\/product_brand?post=8269"},{"taxonomy":"product_cat","embeddable":true,"href":"https:\/\/bardoleat.com\/de\/wp-json\/wp\/v2\/product_cat?post=8269"},{"taxonomy":"product_tag","embeddable":true,"href":"https:\/\/bardoleat.com\/de\/wp-json\/wp\/v2\/product_tag?post=8269"}],"curies":[{"name":"wp","href":"https:\/\/api.w.org\/{rel}","templated":true}]}}