{"id":8339,"date":"2022-03-08T19:43:06","date_gmt":"2022-03-08T17:43:06","guid":{"rendered":"https:\/\/bardoleat.com\/prodotto\/lugana-ottella\/"},"modified":"2022-10-14T13:21:45","modified_gmt":"2022-10-14T11:21:45","slug":"lugana-ottella","status":"publish","type":"product","link":"https:\/\/bardoleat.com\/de\/prodotto\/lugana-ottella\/","title":{"rendered":"LUGANA &#8220;Ottella&#8221;"},"content":{"rendered":"<ul class=\"productAttributes\">\n<li class=\"productAttribute\"><strong class=\"productAttributeTitle\">Alkoholgehalt:<\/strong> <span class=\"productAttributeValue\">12 VOL. %<\/span><\/li>\n<li class=\"productAttribute\"><strong class=\"productAttributeTitle\">Philosophie:<\/strong> <span class=\"productAttributeValue\">Vignaioli Indipendenti<\/span><\/li>\n<li class=\"productAttribute\"><strong class=\"productAttributeTitle\">Denominazione:<\/strong> <span class=\"productAttributeValue\">DOC<\/span><\/li>\n<li class=\"productAttribute\"><strong class=\"productAttributeTitle\">Format:<\/strong> <span class=\"productAttributeValue\">0,75 lt.<\/span><\/li>\n<li class=\"productAttribute\"><strong class=\"productAttributeTitle\">Rebsorte:<\/strong> <span class=\"productAttributeValue\">Trebbiano di Lugana<\/span><\/li>\n<li class=\"productAttribute\"><strong class=\"productAttributeTitle\">Herkunftsregion:<\/strong> <span class=\"productAttributeValue\">Lombardia<\/span><\/li>\n<li class=\"productAttribute\"><strong class=\"productAttributeTitle\">Produzent:<\/strong> <span class=\"productAttributeValue\">Ottella<\/span><\/li>\n<\/ul>\n","protected":false},"excerpt":{"rendered":"<p>BESCHREIBUNG: Ernte in der dritten Septemberdekade, schonende Ganztraubenpressung f\u00fcr einen Gro\u00dfteil der Produktion, der Rest mit leichtem Abbeeren durch Schwenken. Dann ein strenges Vinifizierungsprotokoll: Abbeeren durch nat\u00fcrliche Sedimentation, langsame G\u00e4rung bei kontrollierter Temperatur (14\u00b0\/18\u00b0); Reifung 5 Monate auf der Hefe und auf Feinhefen.<\/p>\n<p>TASTING NOTES: Helles, leuchtendes Strohgelb in der Nase. In der Nase zeigen sich exotische, kandierte und zitrusartige Noten, fein und elegant mineralisch. Am Gaumen diffuse ausdrucksstarke Finesse, die ma\u00dfgebliche Tiefe der Typizit\u00e4t, warm und anhaltend.<\/p>\n<p>PASSEND: Passt gut zu allen Fischgerichten, sowohl See- als auch Meeresfr\u00fcchten, Suppen, schmackhaften Nudel- oder Reisgerichten, wei\u00dfem Fleisch mit So\u00dfen.<\/p>\n<p>SERVIERTEMPERATUR: 10\/12\u00b0 C.<\/p>\n","protected":false},"featured_media":8337,"comment_status":"open","ping_status":"closed","template":"","meta":[],"product_brand":[],"product_cat":[104],"product_tag":[306,318],"class_list":{"0":"post-8339","1":"product","2":"type-product","3":"status-publish","4":"has-post-thumbnail","6":"product_cat-wein-de","7":"product_tag-lugana-de","8":"product_tag-ottella-de","10":"first","11":"instock","12":"shipping-taxable","13":"purchasable","14":"product-type-simple"},"_links":{"self":[{"href":"https:\/\/bardoleat.com\/de\/wp-json\/wp\/v2\/product\/8339","targetHints":{"allow":["GET"]}}],"collection":[{"href":"https:\/\/bardoleat.com\/de\/wp-json\/wp\/v2\/product"}],"about":[{"href":"https:\/\/bardoleat.com\/de\/wp-json\/wp\/v2\/types\/product"}],"replies":[{"embeddable":true,"href":"https:\/\/bardoleat.com\/de\/wp-json\/wp\/v2\/comments?post=8339"}],"version-history":[{"count":0,"href":"https:\/\/bardoleat.com\/de\/wp-json\/wp\/v2\/product\/8339\/revisions"}],"wp:featuredmedia":[{"embeddable":true,"href":"https:\/\/bardoleat.com\/de\/wp-json\/wp\/v2\/media\/8337"}],"wp:attachment":[{"href":"https:\/\/bardoleat.com\/de\/wp-json\/wp\/v2\/media?parent=8339"}],"wp:term":[{"taxonomy":"product_brand","embeddable":true,"href":"https:\/\/bardoleat.com\/de\/wp-json\/wp\/v2\/product_brand?post=8339"},{"taxonomy":"product_cat","embeddable":true,"href":"https:\/\/bardoleat.com\/de\/wp-json\/wp\/v2\/product_cat?post=8339"},{"taxonomy":"product_tag","embeddable":true,"href":"https:\/\/bardoleat.com\/de\/wp-json\/wp\/v2\/product_tag?post=8339"}],"curies":[{"name":"wp","href":"https:\/\/api.w.org\/{rel}","templated":true}]}}