{"id":8632,"date":"2022-04-24T16:54:12","date_gmt":"2022-04-24T14:54:12","guid":{"rendered":"https:\/\/bardoleat.com\/prodotto\/ca-dei-frati-lugana-doc-brolettino\/"},"modified":"2023-09-20T11:39:18","modified_gmt":"2023-09-20T09:39:18","slug":"ca-dei-frati-lugana-doc-brolettino","status":"publish","type":"product","link":"https:\/\/bardoleat.com\/de\/prodotto\/ca-dei-frati-lugana-doc-brolettino\/","title":{"rendered":"Ca dei Frati Lugana DOC &#8220;Brolettino&#8221;"},"content":{"rendered":"<p>Der Brolettino Lugana von C\u00e0 dei Frati wird aus der Rebsorte Turbiana (Trebbiano) vinifiziert. Ein wunderbarer Wei\u00dfwein, der durch Komplexit\u00e4t, Charakterst\u00e4rke und Eleganz \u00fcberzeugt.<\/p>\n","protected":false},"excerpt":{"rendered":"<p>Der Brolettino ist ein feiner Lugana, der 10 Monate lang in Barriques gereift ist. Diese Reifung im Holz erh\u00f6ht die Struktur und Weichheit des Weins, der in der Nase Noten von reifen gelben Fr\u00fcchten, Nuancen von Rosen und einen balsamischen Abgang aufweist. Im Mund verliert er nicht seine Frische und Eleganz und bietet einen vollen und anhaltenden Schluck.<\/p>\n","protected":false},"featured_media":8629,"comment_status":"open","ping_status":"closed","template":"","meta":[],"product_brand":[],"product_cat":[104],"product_tag":[],"class_list":{"0":"post-8632","1":"product","2":"type-product","3":"status-publish","4":"has-post-thumbnail","6":"product_cat-wein-de","8":"first","9":"instock","10":"shipping-taxable","11":"purchasable","12":"product-type-simple"},"_links":{"self":[{"href":"https:\/\/bardoleat.com\/de\/wp-json\/wp\/v2\/product\/8632","targetHints":{"allow":["GET"]}}],"collection":[{"href":"https:\/\/bardoleat.com\/de\/wp-json\/wp\/v2\/product"}],"about":[{"href":"https:\/\/bardoleat.com\/de\/wp-json\/wp\/v2\/types\/product"}],"replies":[{"embeddable":true,"href":"https:\/\/bardoleat.com\/de\/wp-json\/wp\/v2\/comments?post=8632"}],"version-history":[{"count":0,"href":"https:\/\/bardoleat.com\/de\/wp-json\/wp\/v2\/product\/8632\/revisions"}],"wp:featuredmedia":[{"embeddable":true,"href":"https:\/\/bardoleat.com\/de\/wp-json\/wp\/v2\/media\/8629"}],"wp:attachment":[{"href":"https:\/\/bardoleat.com\/de\/wp-json\/wp\/v2\/media?parent=8632"}],"wp:term":[{"taxonomy":"product_brand","embeddable":true,"href":"https:\/\/bardoleat.com\/de\/wp-json\/wp\/v2\/product_brand?post=8632"},{"taxonomy":"product_cat","embeddable":true,"href":"https:\/\/bardoleat.com\/de\/wp-json\/wp\/v2\/product_cat?post=8632"},{"taxonomy":"product_tag","embeddable":true,"href":"https:\/\/bardoleat.com\/de\/wp-json\/wp\/v2\/product_tag?post=8632"}],"curies":[{"name":"wp","href":"https:\/\/api.w.org\/{rel}","templated":true}]}}