{"id":8665,"date":"2022-04-25T17:24:11","date_gmt":"2022-04-25T15:24:11","guid":{"rendered":"https:\/\/bardoleat.com\/prodotto\/bardolino-classico-ca-bottura\/"},"modified":"2022-10-14T13:14:03","modified_gmt":"2022-10-14T11:14:03","slug":"bardolino-classico-ca-bottura","status":"publish","type":"product","link":"https:\/\/bardoleat.com\/de\/prodotto\/bardolino-classico-ca-bottura\/","title":{"rendered":"Bardolino Classico C\u00e0 Bottura"},"content":{"rendered":"<p>Der versandte Wein kann einen Schraubverschluss haben.<\/p>\n","protected":false},"excerpt":{"rendered":"<p>Der Bardolino Classico DOC ist ein junger, frischer Rotwein mit angenehmem Geschmack und Aromen von Fr\u00fcchten und Gew\u00fcrzen. Ein leichter, unkomplizierter Wein, geeignet f\u00fcr jede Tageszeit und jedes Gericht.<\/p>\n<p>Inhalt: 0,75 l<\/p>\n<p>Farbe: leuchtend rubinrot<\/p>\n<p>Rebsorten: Corvina 60%, Rondinella 40%<\/p>\n<p>Geschmack: angenehm, harmonisch<\/p>\n<p>Alkoholgehalt: 12,5% vol.<\/p>\n<p>Begleitidee: Passt hervorragend zu Nudelgerichten mit Fleisch, Gem\u00fcse, Pilzen und Fisch.<\/p>\n<p>Serviertemperatur: 15-16 \u00b0C<\/p>\n","protected":false},"featured_media":8663,"comment_status":"open","ping_status":"closed","template":"","meta":[],"product_brand":[],"product_cat":[104],"product_tag":[],"class_list":{"0":"post-8665","1":"product","2":"type-product","3":"status-publish","4":"has-post-thumbnail","6":"product_cat-wein-de","8":"first","9":"instock","10":"shipping-taxable","11":"purchasable","12":"product-type-simple"},"_links":{"self":[{"href":"https:\/\/bardoleat.com\/de\/wp-json\/wp\/v2\/product\/8665","targetHints":{"allow":["GET"]}}],"collection":[{"href":"https:\/\/bardoleat.com\/de\/wp-json\/wp\/v2\/product"}],"about":[{"href":"https:\/\/bardoleat.com\/de\/wp-json\/wp\/v2\/types\/product"}],"replies":[{"embeddable":true,"href":"https:\/\/bardoleat.com\/de\/wp-json\/wp\/v2\/comments?post=8665"}],"version-history":[{"count":0,"href":"https:\/\/bardoleat.com\/de\/wp-json\/wp\/v2\/product\/8665\/revisions"}],"wp:featuredmedia":[{"embeddable":true,"href":"https:\/\/bardoleat.com\/de\/wp-json\/wp\/v2\/media\/8663"}],"wp:attachment":[{"href":"https:\/\/bardoleat.com\/de\/wp-json\/wp\/v2\/media?parent=8665"}],"wp:term":[{"taxonomy":"product_brand","embeddable":true,"href":"https:\/\/bardoleat.com\/de\/wp-json\/wp\/v2\/product_brand?post=8665"},{"taxonomy":"product_cat","embeddable":true,"href":"https:\/\/bardoleat.com\/de\/wp-json\/wp\/v2\/product_cat?post=8665"},{"taxonomy":"product_tag","embeddable":true,"href":"https:\/\/bardoleat.com\/de\/wp-json\/wp\/v2\/product_tag?post=8665"}],"curies":[{"name":"wp","href":"https:\/\/api.w.org\/{rel}","templated":true}]}}