{"id":8704,"date":"2022-04-27T16:12:43","date_gmt":"2022-04-27T14:12:43","guid":{"rendered":"https:\/\/bardoleat.com\/prodotto\/bardolino-chiaretto-cavalchina\/"},"modified":"2022-04-27T16:12:43","modified_gmt":"2022-04-27T14:12:43","slug":"bardolino-chiaretto-cavalchina","status":"publish","type":"product","link":"https:\/\/bardoleat.com\/de\/prodotto\/bardolino-chiaretto-cavalchina\/","title":{"rendered":"Bardolino Chiaretto Cavalchina"},"content":{"rendered":"<p>Der Bardolino Chiaretto von Cavalchina ist ein angenehmer, blumiger Ros\u00e9wein, der durch zarte Noten von Erdbeeren, Himbeeren, Kr\u00e4utern und Geranien belebt wird. Der Geschmack ist frisch, w\u00fcrzig, ausdrucksstark und sehr ausgewogen.<\/p>\n","protected":false},"excerpt":{"rendered":"<p>Der Bardolino Chiaretto von Cavalchina ist ein eleganter und feiner Ros\u00e9, frisch und schmackhaft, der den Stil der Ros\u00e9s vom Gardasee gut interpretiert. Er wird aus den einheimischen roten Trauben hergestellt, die seit jeher an der Veroneser K\u00fcste wachsen: Corvina, Molinara und Rondinella. Die Weinberge befinden sich in der herrlichen Gegend von Bardolino, an den sanften H\u00e4ngen von Mor\u00e4nenh\u00fcgeln eiszeitlichen Ursprungs, mit B\u00f6den, die reich an Kieselsteinen und Schotter sind. Das sonnige, milde und fast mediterrane Klima ist dank des Einflusses des weiten Gardaseebeckens seit jeher sehr gut f\u00fcr den Weinbau geeignet. In diesem Gebiet haben Ros\u00e9weine eine jahrhundertealte Tradition und stehen f\u00fcr echte Spitzenleistungen auf nationaler Ebene.<\/p>\n","protected":false},"featured_media":8702,"comment_status":"open","ping_status":"closed","template":"","meta":[],"product_brand":[],"product_cat":[104],"product_tag":[],"class_list":{"0":"post-8704","1":"product","2":"type-product","3":"status-publish","4":"has-post-thumbnail","6":"product_cat-wein-de","8":"first","9":"instock","10":"shipping-taxable","11":"purchasable","12":"product-type-simple"},"_links":{"self":[{"href":"https:\/\/bardoleat.com\/de\/wp-json\/wp\/v2\/product\/8704","targetHints":{"allow":["GET"]}}],"collection":[{"href":"https:\/\/bardoleat.com\/de\/wp-json\/wp\/v2\/product"}],"about":[{"href":"https:\/\/bardoleat.com\/de\/wp-json\/wp\/v2\/types\/product"}],"replies":[{"embeddable":true,"href":"https:\/\/bardoleat.com\/de\/wp-json\/wp\/v2\/comments?post=8704"}],"version-history":[{"count":0,"href":"https:\/\/bardoleat.com\/de\/wp-json\/wp\/v2\/product\/8704\/revisions"}],"wp:featuredmedia":[{"embeddable":true,"href":"https:\/\/bardoleat.com\/de\/wp-json\/wp\/v2\/media\/8702"}],"wp:attachment":[{"href":"https:\/\/bardoleat.com\/de\/wp-json\/wp\/v2\/media?parent=8704"}],"wp:term":[{"taxonomy":"product_brand","embeddable":true,"href":"https:\/\/bardoleat.com\/de\/wp-json\/wp\/v2\/product_brand?post=8704"},{"taxonomy":"product_cat","embeddable":true,"href":"https:\/\/bardoleat.com\/de\/wp-json\/wp\/v2\/product_cat?post=8704"},{"taxonomy":"product_tag","embeddable":true,"href":"https:\/\/bardoleat.com\/de\/wp-json\/wp\/v2\/product_tag?post=8704"}],"curies":[{"name":"wp","href":"https:\/\/api.w.org\/{rel}","templated":true}]}}