{"id":8926,"date":"2022-05-09T16:42:35","date_gmt":"2022-05-09T14:42:35","guid":{"rendered":"https:\/\/bardoleat.com\/prodotto\/8926\/"},"modified":"2022-05-16T15:02:02","modified_gmt":"2022-05-16T13:02:02","slug":"spumante-bianco-brut-costadoro","status":"publish","type":"product","link":"https:\/\/bardoleat.com\/de\/prodotto\/spumante-bianco-brut-costadoro\/","title":{"rendered":"Spumante Bianco Brut Costadoro"},"content":{"rendered":"","protected":false},"excerpt":{"rendered":"<p>Wei\u00dfer Costadoro Brut Sekt, gewonnen aus wei\u00dfen Trauben nach der Charmat Methode.<\/p>\n<p>Organoleptische Merkmale: Strohgelb Farbe, in der Nase eine frische Note von weissen Blumen,Pfirsich und Birne. Am Gaumen pr\u00e4sentiert sich der Spumante ausgeglichen, trocken und fruchtig.<br \/>\nAlkoholgehalt : 12% vol.<br \/>\nServiervorschlag: Ideal als Er\u00f6ffnungswein, passt perfekt zu allen G\u00e4ngen besonders zu Vorspeisen und Fischvorspeisen (s\u00fcss und Salzwasser).<br \/>\nTrinktemperatur: 6-8\u00b0 C.<\/p>\n","protected":false},"featured_media":8929,"comment_status":"open","ping_status":"closed","template":"","meta":[],"product_brand":[],"product_cat":[104],"product_tag":[],"class_list":{"0":"post-8926","1":"product","2":"type-product","3":"status-publish","4":"has-post-thumbnail","6":"product_cat-wein-de","8":"first","9":"instock","10":"shipping-taxable","11":"purchasable","12":"product-type-simple"},"_links":{"self":[{"href":"https:\/\/bardoleat.com\/de\/wp-json\/wp\/v2\/product\/8926","targetHints":{"allow":["GET"]}}],"collection":[{"href":"https:\/\/bardoleat.com\/de\/wp-json\/wp\/v2\/product"}],"about":[{"href":"https:\/\/bardoleat.com\/de\/wp-json\/wp\/v2\/types\/product"}],"replies":[{"embeddable":true,"href":"https:\/\/bardoleat.com\/de\/wp-json\/wp\/v2\/comments?post=8926"}],"version-history":[{"count":0,"href":"https:\/\/bardoleat.com\/de\/wp-json\/wp\/v2\/product\/8926\/revisions"}],"wp:featuredmedia":[{"embeddable":true,"href":"https:\/\/bardoleat.com\/de\/wp-json\/wp\/v2\/media\/8929"}],"wp:attachment":[{"href":"https:\/\/bardoleat.com\/de\/wp-json\/wp\/v2\/media?parent=8926"}],"wp:term":[{"taxonomy":"product_brand","embeddable":true,"href":"https:\/\/bardoleat.com\/de\/wp-json\/wp\/v2\/product_brand?post=8926"},{"taxonomy":"product_cat","embeddable":true,"href":"https:\/\/bardoleat.com\/de\/wp-json\/wp\/v2\/product_cat?post=8926"},{"taxonomy":"product_tag","embeddable":true,"href":"https:\/\/bardoleat.com\/de\/wp-json\/wp\/v2\/product_tag?post=8926"}],"curies":[{"name":"wp","href":"https:\/\/api.w.org\/{rel}","templated":true}]}}