{"id":9180,"date":"2022-07-30T19:18:55","date_gmt":"2022-07-30T17:18:55","guid":{"rendered":"https:\/\/bardoleat.com\/prodotto\/bardoleat-pack\/"},"modified":"2025-12-13T18:11:08","modified_gmt":"2025-12-13T16:11:08","slug":"bardoleat-pack","status":"publish","type":"product","link":"https:\/\/bardoleat.com\/de\/prodotto\/bardoleat-pack\/","title":{"rendered":"Bardoleat Pack \u2013 Natives Oliven\u00f6l Extra Verkostungs-Set"},"content":{"rendered":"","protected":false},"excerpt":{"rendered":"<p>Werbetrio mit unseren 100% italienischen nativen Oliven\u00f6len extra. 3 x 0,75-Liter-Flaschen.<\/p>\n<p>Mit diesem Set von gro\u00dfen Flaschen k\u00f6nnen Sie die Unterschiede in der Intensit\u00e4t und im Geschmack unseres nativen Oliven\u00f6ls extra schmecken. Sie finden das Classico (mittlere Intensit\u00e4t), unser fruchtiges natives \u00d6l extra, das sich durch seine unverwechselbare Sch\u00e4rfe auszeichnet, und das sehr leichte \u00d6l aus kontrolliert biologischem Anbau.<\/p>\n","protected":false},"featured_media":12530,"comment_status":"open","ping_status":"closed","template":"","meta":[],"product_brand":[],"product_cat":[58],"product_tag":[],"class_list":{"0":"post-9180","1":"product","2":"type-product","3":"status-publish","4":"has-post-thumbnail","6":"product_cat-olivenol","8":"first","9":"instock","10":"sale","11":"shipping-taxable","12":"purchasable","13":"product-type-simple"},"_links":{"self":[{"href":"https:\/\/bardoleat.com\/de\/wp-json\/wp\/v2\/product\/9180","targetHints":{"allow":["GET"]}}],"collection":[{"href":"https:\/\/bardoleat.com\/de\/wp-json\/wp\/v2\/product"}],"about":[{"href":"https:\/\/bardoleat.com\/de\/wp-json\/wp\/v2\/types\/product"}],"replies":[{"embeddable":true,"href":"https:\/\/bardoleat.com\/de\/wp-json\/wp\/v2\/comments?post=9180"}],"version-history":[{"count":1,"href":"https:\/\/bardoleat.com\/de\/wp-json\/wp\/v2\/product\/9180\/revisions"}],"predecessor-version":[{"id":18308,"href":"https:\/\/bardoleat.com\/de\/wp-json\/wp\/v2\/product\/9180\/revisions\/18308"}],"wp:featuredmedia":[{"embeddable":true,"href":"https:\/\/bardoleat.com\/de\/wp-json\/wp\/v2\/media\/12530"}],"wp:attachment":[{"href":"https:\/\/bardoleat.com\/de\/wp-json\/wp\/v2\/media?parent=9180"}],"wp:term":[{"taxonomy":"product_brand","embeddable":true,"href":"https:\/\/bardoleat.com\/de\/wp-json\/wp\/v2\/product_brand?post=9180"},{"taxonomy":"product_cat","embeddable":true,"href":"https:\/\/bardoleat.com\/de\/wp-json\/wp\/v2\/product_cat?post=9180"},{"taxonomy":"product_tag","embeddable":true,"href":"https:\/\/bardoleat.com\/de\/wp-json\/wp\/v2\/product_tag?post=9180"}],"curies":[{"name":"wp","href":"https:\/\/api.w.org\/{rel}","templated":true}]}}