{"id":9239,"date":"2022-08-30T18:24:59","date_gmt":"2022-08-30T16:24:59","guid":{"rendered":"https:\/\/bardoleat.com\/prodotto\/gin-arancia-rossa-marcati\/"},"modified":"2024-10-05T17:11:23","modified_gmt":"2024-10-05T15:11:23","slug":"gin-arancia-rossa-marcati","status":"publish","type":"product","link":"https:\/\/bardoleat.com\/de\/prodotto\/gin-arancia-rossa-marcati\/","title":{"rendered":"Gin Arancia Rossa Marcati"},"content":{"rendered":"<p>Produziert in Castelnuovo del Garda.<\/p>\n","protected":false},"excerpt":{"rendered":"<p><strong>0,70 l Flasche<\/strong><\/p>\n<p>Gin mit dem Geschmack roter Orangen mit einem Aufguss aus roten sizilianischen Orangen der IGP.<\/p>\n<p>Er hat eine leuchtend rote Farbe, einen delikaten Duft, der typisch f\u00fcr Blutorangen ist, mit einer Mischung aus Noten von reifen Fr\u00fcchten und einem Hauch von frischem Obst, einem eindeutig typischen Geschmack von Wacholderdestillat, unterst\u00fctzt von einem Alkoholgehalt von 42\u00b0.<\/p>\n<p><strong>ZU KONSUMIEREN:<\/strong><br \/>\nPerfekt f\u00fcr Longdrinks, passt perfekt zu Zitronensaft und Tonic Water, kann aber auch pur getrunken werden.<\/p>\n<p><strong>EIGENSCHAFTEN:<\/strong><br \/>\nDer Aufguss der roten sizilianischen Orangen der IGP verleiht dem Produkt charakteristische Noten. Dazu werden die Schalen mindestens eine Woche lang in Alkohol eingelegt.<\/p>\n","protected":false},"featured_media":9235,"comment_status":"open","ping_status":"closed","template":"","meta":[],"product_brand":[],"product_cat":[508],"product_tag":[],"class_list":{"0":"post-9239","1":"product","2":"type-product","3":"status-publish","4":"has-post-thumbnail","6":"product_cat-liquori-de","8":"first","9":"instock","10":"shipping-taxable","11":"purchasable","12":"product-type-simple"},"_links":{"self":[{"href":"https:\/\/bardoleat.com\/de\/wp-json\/wp\/v2\/product\/9239","targetHints":{"allow":["GET"]}}],"collection":[{"href":"https:\/\/bardoleat.com\/de\/wp-json\/wp\/v2\/product"}],"about":[{"href":"https:\/\/bardoleat.com\/de\/wp-json\/wp\/v2\/types\/product"}],"replies":[{"embeddable":true,"href":"https:\/\/bardoleat.com\/de\/wp-json\/wp\/v2\/comments?post=9239"}],"version-history":[{"count":0,"href":"https:\/\/bardoleat.com\/de\/wp-json\/wp\/v2\/product\/9239\/revisions"}],"wp:featuredmedia":[{"embeddable":true,"href":"https:\/\/bardoleat.com\/de\/wp-json\/wp\/v2\/media\/9235"}],"wp:attachment":[{"href":"https:\/\/bardoleat.com\/de\/wp-json\/wp\/v2\/media?parent=9239"}],"wp:term":[{"taxonomy":"product_brand","embeddable":true,"href":"https:\/\/bardoleat.com\/de\/wp-json\/wp\/v2\/product_brand?post=9239"},{"taxonomy":"product_cat","embeddable":true,"href":"https:\/\/bardoleat.com\/de\/wp-json\/wp\/v2\/product_cat?post=9239"},{"taxonomy":"product_tag","embeddable":true,"href":"https:\/\/bardoleat.com\/de\/wp-json\/wp\/v2\/product_tag?post=9239"}],"curies":[{"name":"wp","href":"https:\/\/api.w.org\/{rel}","templated":true}]}}