{"id":9399,"date":"2022-09-13T11:40:13","date_gmt":"2022-09-13T09:40:13","guid":{"rendered":"https:\/\/bardoleat.com\/prodotto\/grappa-olia-del-garda-marzadro\/"},"modified":"2025-10-26T16:17:55","modified_gmt":"2025-10-26T14:17:55","slug":"grappa-olia-del-garda-marzadro","status":"publish","type":"product","link":"https:\/\/bardoleat.com\/de\/prodotto\/grappa-olia-del-garda-marzadro\/","title":{"rendered":"Grappa Olia del Garda Marzadro"},"content":{"rendered":"<p>Distilleria Marzadro<\/p>\n","protected":false},"excerpt":{"rendered":"<p>Inhalt: 500 ml<\/p>\n<p>Grappa mit Einlage k\u00f6stlicher Oliven nach einem alten Rezept vom Gardasee, das von Antonio De Carli \u00fcberliefert wurde. Die Familie Marzadro zollt ihm mit diesem weltweit einzigartigen Lik\u00f6r ihren Tribut. Nach dem alten Rezept werden die Oliven 40 bis 50 Tage lang zusammen mit Gew\u00fcrzen wie Zimt, Nelken und Zitronenschale kalt in reinen wei\u00dfen Marzadro-Grappa eingelegt. Ein Aufguss, der die Aromen unserer Region zu einem bitteren, aber \u00fcberraschend fruchtigen Extrakt vereint.<\/p>\n<table border=\"0\" width=\"100%\" cellspacing=\"0\" cellpadding=\"0\">\n<tbody>\n<tr>\n<td colspan=\"2\" valign=\"middle\">\n<div class=\"blocco\">\n<div class=\"pro_tabella_info\">Duft: vielseitig, angenehm bitter<\/div>\n<div class=\"pro_tabella_dati\"><img decoding=\"async\" src=\"https:\/\/www.marzadro.it\/img\/scala\/3.svg\" width=\"144\" height=\"27\" \/><\/div>\n<\/div>\n<div class=\"blocco\">\n<div class=\"pro_tabella_info\">Textur: bitter, fruchtig<\/div>\n<div class=\"pro_tabella_dati\"><img decoding=\"async\" src=\"https:\/\/www.marzadro.it\/img\/scala\/3.svg\" width=\"144\" height=\"27\" \/><\/div>\n<\/div>\n<\/td>\n<\/tr>\n<tr>\n<td colspan=\"2\" height=\"27\">Alkoholgehalt: 40<\/td>\n<\/tr>\n<\/tbody>\n<\/table>\n","protected":false},"featured_media":9396,"comment_status":"open","ping_status":"closed","template":"","meta":[],"product_brand":[],"product_cat":[508],"product_tag":[],"class_list":{"0":"post-9399","1":"product","2":"type-product","3":"status-publish","4":"has-post-thumbnail","6":"product_cat-liquori-de","8":"first","9":"instock","10":"shipping-taxable","11":"purchasable","12":"product-type-simple"},"_links":{"self":[{"href":"https:\/\/bardoleat.com\/de\/wp-json\/wp\/v2\/product\/9399","targetHints":{"allow":["GET"]}}],"collection":[{"href":"https:\/\/bardoleat.com\/de\/wp-json\/wp\/v2\/product"}],"about":[{"href":"https:\/\/bardoleat.com\/de\/wp-json\/wp\/v2\/types\/product"}],"replies":[{"embeddable":true,"href":"https:\/\/bardoleat.com\/de\/wp-json\/wp\/v2\/comments?post=9399"}],"version-history":[{"count":1,"href":"https:\/\/bardoleat.com\/de\/wp-json\/wp\/v2\/product\/9399\/revisions"}],"predecessor-version":[{"id":17708,"href":"https:\/\/bardoleat.com\/de\/wp-json\/wp\/v2\/product\/9399\/revisions\/17708"}],"wp:featuredmedia":[{"embeddable":true,"href":"https:\/\/bardoleat.com\/de\/wp-json\/wp\/v2\/media\/9396"}],"wp:attachment":[{"href":"https:\/\/bardoleat.com\/de\/wp-json\/wp\/v2\/media?parent=9399"}],"wp:term":[{"taxonomy":"product_brand","embeddable":true,"href":"https:\/\/bardoleat.com\/de\/wp-json\/wp\/v2\/product_brand?post=9399"},{"taxonomy":"product_cat","embeddable":true,"href":"https:\/\/bardoleat.com\/de\/wp-json\/wp\/v2\/product_cat?post=9399"},{"taxonomy":"product_tag","embeddable":true,"href":"https:\/\/bardoleat.com\/de\/wp-json\/wp\/v2\/product_tag?post=9399"}],"curies":[{"name":"wp","href":"https:\/\/api.w.org\/{rel}","templated":true}]}}