{"id":9466,"date":"2022-09-22T20:32:17","date_gmt":"2022-09-22T18:32:17","guid":{"rendered":"https:\/\/bardoleat.com\/?post_type=product&#038;p=9466"},"modified":"2026-01-29T16:21:44","modified_gmt":"2026-01-29T14:21:44","slug":"6-x-extra-vergine-olivenol-classico-0-75l","status":"publish","type":"product","link":"https:\/\/bardoleat.com\/de\/prodotto\/6-x-extra-vergine-olivenol-classico-0-75l\/","title":{"rendered":"6 x Natives Oliven\u00f6l Extra &#8220;Classico&#8221; 0,75L"},"content":{"rendered":"<p>Oliven\u00f6l von Licht und W\u00e4rme fernhalten.<\/p>\n<p><img fetchpriority=\"high\" decoding=\"async\" class=\"alignnone wp-image-4528 size-full\" src=\"https:\/\/bardoleat.com\/wp-content\/uploads\/2019\/09\/raccolta-olive-riconoscere-olio-giusto.jpg\" alt=\"\" width=\"750\" height=\"500\" srcset=\"https:\/\/bardoleat.com\/wp-content\/uploads\/2019\/09\/raccolta-olive-riconoscere-olio-giusto.jpg 750w, https:\/\/bardoleat.com\/wp-content\/uploads\/2019\/09\/raccolta-olive-riconoscere-olio-giusto-600x400.jpg 600w, https:\/\/bardoleat.com\/wp-content\/uploads\/2019\/09\/raccolta-olive-riconoscere-olio-giusto-300x200.jpg 300w\" sizes=\"(max-width: 750px) 100vw, 750px\" \/><\/p>\n","protected":false},"excerpt":{"rendered":"<p><strong>Inhalt: 6 falschen x 0.75 l<\/strong><\/p>\n<p class=\"\" data-start=\"1087\" data-end=\"1512\">Die italienische \u00d6lm\u00fchle-Tradition wird am besten in diesem <strong>100% italienischen extra nativen Oliven\u00f6l<\/strong> ausgedr\u00fcckt, das aus sorgf\u00e4ltig ausgew\u00e4hlten Oliven gewonnen wird, die am gleichen Tag geerntet und verarbeitet werden, um \u00fcberlegene Frische und Qualit\u00e4t zu gew\u00e4hrleisten. Jeder Tropfen enth\u00e4lt die Erfahrung und Leidenschaft, die unsere Familie seit drei Generationen in die Herstellung von hochwertigem Oliven\u00f6l steckt.<\/p>\n<p class=\"\" data-start=\"1514\" data-end=\"1598\">\u2714 <strong>Kaltgepresst<\/strong><br data-start=\"1528\" data-end=\"1531\" \/>\u2714 <strong>Mittlere Intensit\u00e4t<\/strong> (nicht zu stark, aber auch nicht zu leicht)<\/p>\n<p class=\"\" data-start=\"1600\" data-end=\"1896\"><strong data-start=\"1600\" data-end=\"1624\">Sensorisches Profil:<\/strong><br data-start=\"1624\" data-end=\"1627\" \/>In der Nase ist es harmonisch und elegant, mit fruchtigen Noten und Ankl\u00e4ngen von frischem Gras. Am Gaumen ist es zart und ausgewogen, mit Noten von reifen Fr\u00fcchten und einem angenehmen Kontrast zwischen Bitterkeit und Sch\u00e4rfe, der in einem s\u00fc\u00dfen Mandelton ausklingt.<\/p>\n<p class=\"\" data-start=\"1898\" data-end=\"2054\"><strong>Perfekt roh<\/strong>, um den Geschmack von Salaten, gegrilltem Gem\u00fcse, Bruschetta, Carpaccio und Gourmetgerichten zu verst\u00e4rken, aber auch hervorragend zum Kochen.<\/p>\n<p class=\"\" data-start=\"2056\" data-end=\"2203\">Ein zeitloser Klassiker, ein \u00d6l, das unsere Geschichte erz\u00e4hlt und die authentische Ausdrucksweise der italienischen \u00d6lm\u00fchle-Kultur mit sich tr\u00e4gt.<\/p>\n","protected":false},"featured_media":10561,"comment_status":"open","ping_status":"closed","template":"","meta":[],"product_brand":[],"product_cat":[58],"product_tag":[],"class_list":{"0":"post-9466","1":"product","2":"type-product","3":"status-publish","4":"has-post-thumbnail","6":"product_cat-olivenol","8":"first","9":"instock","10":"sale","11":"shipping-taxable","12":"purchasable","13":"product-type-simple"},"_links":{"self":[{"href":"https:\/\/bardoleat.com\/de\/wp-json\/wp\/v2\/product\/9466","targetHints":{"allow":["GET"]}}],"collection":[{"href":"https:\/\/bardoleat.com\/de\/wp-json\/wp\/v2\/product"}],"about":[{"href":"https:\/\/bardoleat.com\/de\/wp-json\/wp\/v2\/types\/product"}],"replies":[{"embeddable":true,"href":"https:\/\/bardoleat.com\/de\/wp-json\/wp\/v2\/comments?post=9466"}],"version-history":[{"count":4,"href":"https:\/\/bardoleat.com\/de\/wp-json\/wp\/v2\/product\/9466\/revisions"}],"predecessor-version":[{"id":18543,"href":"https:\/\/bardoleat.com\/de\/wp-json\/wp\/v2\/product\/9466\/revisions\/18543"}],"wp:featuredmedia":[{"embeddable":true,"href":"https:\/\/bardoleat.com\/de\/wp-json\/wp\/v2\/media\/10561"}],"wp:attachment":[{"href":"https:\/\/bardoleat.com\/de\/wp-json\/wp\/v2\/media?parent=9466"}],"wp:term":[{"taxonomy":"product_brand","embeddable":true,"href":"https:\/\/bardoleat.com\/de\/wp-json\/wp\/v2\/product_brand?post=9466"},{"taxonomy":"product_cat","embeddable":true,"href":"https:\/\/bardoleat.com\/de\/wp-json\/wp\/v2\/product_cat?post=9466"},{"taxonomy":"product_tag","embeddable":true,"href":"https:\/\/bardoleat.com\/de\/wp-json\/wp\/v2\/product_tag?post=9466"}],"curies":[{"name":"wp","href":"https:\/\/api.w.org\/{rel}","templated":true}]}}