{"id":9532,"date":"2022-10-07T12:30:50","date_gmt":"2022-10-07T10:30:50","guid":{"rendered":"https:\/\/bardoleat.com\/?post_type=product&#038;p=9532"},"modified":"2026-04-10T16:25:57","modified_gmt":"2026-04-10T14:25:57","slug":"6-x-extra-vergine-olivenol-bio-0-75l","status":"publish","type":"product","link":"https:\/\/bardoleat.com\/de\/prodotto\/6-x-extra-vergine-olivenol-bio-0-75l\/","title":{"rendered":"6 x Natives Oliven\u00f6l Extra BIO 0,75L"},"content":{"rendered":"<p>Warum\u00a0natives Oliven\u00f6l Extra 100% Bio?<\/p>\n<p>Das Bio-\u00d6l ist eine gesunde Ern\u00e4hrung, Qualit\u00e4t und einen hohen N\u00e4hrwert.<br \/>In allen Phasen der Produktion ist es gesch\u00fctzte Natur in all ihren Formen<br \/>Energieeinsparung und Nutzung erneuerbarer Energien<br \/>Hohe Fruchtbarkeit Verbesserung des Landes verwendet<br \/>Landwirtschaftliche bezahlte Arbeit richtig<br \/>Hohe Zahl der Kontrollen<br \/>Beschneiden zur Verh\u00fctung von Pflanzenkrankheiten<\/p>\n<p><img fetchpriority=\"high\" decoding=\"async\" class=\"alignnone size-full wp-image-5240\" src=\"https:\/\/bardoleat.com\/wp-content\/uploads\/2019\/01\/raccolta-delle-olive_96967504.jpg\" alt=\"\" width=\"1280\" height=\"725\" srcset=\"https:\/\/bardoleat.com\/wp-content\/uploads\/2019\/01\/raccolta-delle-olive_96967504.jpg 1280w, https:\/\/bardoleat.com\/wp-content\/uploads\/2019\/01\/raccolta-delle-olive_96967504-600x340.jpg 600w, https:\/\/bardoleat.com\/wp-content\/uploads\/2019\/01\/raccolta-delle-olive_96967504-300x170.jpg 300w, https:\/\/bardoleat.com\/wp-content\/uploads\/2019\/01\/raccolta-delle-olive_96967504-1024x580.jpg 1024w, https:\/\/bardoleat.com\/wp-content\/uploads\/2019\/01\/raccolta-delle-olive_96967504-768x435.jpg 768w\" sizes=\"(max-width: 1280px) 100vw, 1280px\" \/><\/p>\n","protected":false},"excerpt":{"rendered":"<p class=\"\" data-start=\"1141\" data-end=\"1195\"><strong data-start=\"1141\" data-end=\"1193\">Inhalt: 6 Flaschen x 0,75 l \u2013 Sonderpreis-Paket!<\/strong><\/p>\n<p class=\"\" data-start=\"1197\" data-end=\"1396\">Entdecken Sie die Exzellenz unseres <strong data-start=\"1233\" data-end=\"1273\">Biologischen Natives Oliven\u00f6ls Extra<\/strong>, das aus einer Familientradition stammt, die seit drei Generationen die besten italienischen Oliven sorgf\u00e4ltig ausw\u00e4hlt.<\/p>\n<p class=\"\" data-start=\"1398\" data-end=\"1774\">\ud83c\uddee\ud83c\uddf9 <strong data-start=\"1403\" data-end=\"1423\">100% Italienisch<\/strong>: Hergestellt ausschlie\u00dflich aus in Italien angebauten Oliven.<br data-start=\"1485\" data-end=\"1488\" \/>\ud83c\udf31 <strong data-start=\"1491\" data-end=\"1518\">Zertifiziert biologisch<\/strong>: Frei von Pestiziden und Chemikalien, im Einklang mit der Natur.<br data-start=\"1583\" data-end=\"1586\" \/>\u2705 <strong data-start=\"1588\" data-end=\"1607\">Kalt extrahiert<\/strong>: Bewahrt bestm\u00f6glich Geschmack, Aroma und N\u00e4hrstoffe.<br data-start=\"1661\" data-end=\"1664\" \/>\u2705 <strong data-start=\"1666\" data-end=\"1692\">Ausgewogener Geschmack<\/strong>: Perfekt, um jedes Gericht mit fruchtigem Aroma und feinen Noten zu verfeinern.<\/p>\n<p class=\"\" data-start=\"1776\" data-end=\"1889\">Ideal zum Verfeineren von Salaten, Bruschetta und Gourmet-Gerichten oder um jedes Rezept elegant zu bereichern.<\/p>\n<p class=\"\" data-start=\"1891\" data-end=\"1989\">\ud83e\udd47 <strong data-start=\"1894\" data-end=\"1916\">Bardoleat-Qualit\u00e4t<\/strong>: Ein \u00d6l, das von der Leidenschaft und Reinheit unseres Landes erz\u00e4hlt.<\/p>\n<p class=\"\" data-start=\"1991\" data-end=\"2091\">Bestellen Sie jetzt und genie\u00dfen Sie den echten Geschmack von biologischem Oliven\u00f6l extra vergine!<\/p>\n<p class=\"\" data-start=\"2093\" data-end=\"2240\">Dieses \u00d6l hat <strong data-start=\"2107\" data-end=\"2128\">gr\u00fcne Farbnuancen<\/strong>, ein <strong data-start=\"2134\" data-end=\"2155\">mittel-fruchtiges<\/strong> Profil und wird <strong data-start=\"2172\" data-end=\"2191\">kalt extrahiert<\/strong>, um seine unbestreitbare Qualit\u00e4t zu bewahren.<\/p>\n<p class=\"\" data-start=\"2242\" data-end=\"2327\">Am Gaumen geh\u00f6rt es zu den <strong data-start=\"2269\" data-end=\"2298\">weichsten und leichtesten<\/strong> \u00d6len in unserem Sortiment.<\/p>\n<p class=\"\" data-start=\"2329\" data-end=\"2350\"><strong data-start=\"2329\" data-end=\"2348\">Intensit\u00e4t: 2\/5<\/strong><\/p>\n","protected":false},"featured_media":10558,"comment_status":"open","ping_status":"closed","template":"","meta":[],"product_brand":[],"product_cat":[58],"product_tag":[322],"class_list":{"0":"post-9532","1":"product","2":"type-product","3":"status-publish","4":"has-post-thumbnail","6":"product_cat-olivenol","7":"product_tag-bio-olivenoel","9":"first","10":"instock","11":"sale","12":"shipping-taxable","13":"purchasable","14":"product-type-simple"},"_links":{"self":[{"href":"https:\/\/bardoleat.com\/de\/wp-json\/wp\/v2\/product\/9532","targetHints":{"allow":["GET"]}}],"collection":[{"href":"https:\/\/bardoleat.com\/de\/wp-json\/wp\/v2\/product"}],"about":[{"href":"https:\/\/bardoleat.com\/de\/wp-json\/wp\/v2\/types\/product"}],"replies":[{"embeddable":true,"href":"https:\/\/bardoleat.com\/de\/wp-json\/wp\/v2\/comments?post=9532"}],"version-history":[{"count":6,"href":"https:\/\/bardoleat.com\/de\/wp-json\/wp\/v2\/product\/9532\/revisions"}],"predecessor-version":[{"id":18893,"href":"https:\/\/bardoleat.com\/de\/wp-json\/wp\/v2\/product\/9532\/revisions\/18893"}],"wp:featuredmedia":[{"embeddable":true,"href":"https:\/\/bardoleat.com\/de\/wp-json\/wp\/v2\/media\/10558"}],"wp:attachment":[{"href":"https:\/\/bardoleat.com\/de\/wp-json\/wp\/v2\/media?parent=9532"}],"wp:term":[{"taxonomy":"product_brand","embeddable":true,"href":"https:\/\/bardoleat.com\/de\/wp-json\/wp\/v2\/product_brand?post=9532"},{"taxonomy":"product_cat","embeddable":true,"href":"https:\/\/bardoleat.com\/de\/wp-json\/wp\/v2\/product_cat?post=9532"},{"taxonomy":"product_tag","embeddable":true,"href":"https:\/\/bardoleat.com\/de\/wp-json\/wp\/v2\/product_tag?post=9532"}],"curies":[{"name":"wp","href":"https:\/\/api.w.org\/{rel}","templated":true}]}}