{"id":9552,"date":"2022-10-07T12:41:45","date_gmt":"2022-10-07T10:41:45","guid":{"rendered":"https:\/\/bardoleat.com\/?post_type=product&#038;p=9552"},"modified":"2026-01-29T16:24:00","modified_gmt":"2026-01-29T14:24:00","slug":"6-x-extra-vergine-olivenol-fruttato-0-75l","status":"publish","type":"product","link":"https:\/\/bardoleat.com\/de\/prodotto\/6-x-extra-vergine-olivenol-fruttato-0-75l\/","title":{"rendered":"6 x Natives Oliven\u00f6l Extra &#8220;Fruttato&#8221; 0,75L"},"content":{"rendered":"<p>Oliven\u00f6l von Licht und W\u00e4rme fernhalten.<\/p>\n<p><img fetchpriority=\"high\" decoding=\"async\" class=\"alignnone size-full wp-image-4563\" src=\"https:\/\/bardoleat.com\/wp-content\/uploads\/2019\/01\/olive-640w.jpg\" alt=\"\" width=\"640\" height=\"231\" srcset=\"https:\/\/bardoleat.com\/wp-content\/uploads\/2019\/01\/olive-640w.jpg 640w, https:\/\/bardoleat.com\/wp-content\/uploads\/2019\/01\/olive-640w-600x217.jpg 600w, https:\/\/bardoleat.com\/wp-content\/uploads\/2019\/01\/olive-640w-300x108.jpg 300w\" sizes=\"(max-width: 640px) 100vw, 640px\" \/><\/p>\n","protected":false},"excerpt":{"rendered":"<p><strong>Inhalt: 6 Flaschen x 0.75 l<\/strong><\/p>\n<p><strong>Wir\u00a0<\/strong>gewinnen dieses\u00a0<strong>extra native Oliven\u00f6l zu 100% aus italienischen Oliven<\/strong>. Diese werden sofort nach der Ernte kalt gepresst, sodass ein hochwertiges Oliven\u00f6l mit fruchtigem Aroma entsteht. Im Abgang weist es eine scharfe Note auf und hinterl\u00e4sst einen angenehm bitteren Nachgeschmack.<\/p>\n<p>Unser Fruttato ist sicherlich das intensivste Produkt, geeignet f\u00fcr all diejenigen, die es lieben, dieses leichte Kribbeln auf der Zunge zu sp\u00fcren!<\/p>\n<p>Intensit\u00e4t: 5\/5<\/p>\n<p><strong>Kaltgepresst<\/strong>. <span style=\"color: #99cc00;\">Vegan OK<\/span>.<\/p>\n","protected":false},"featured_media":12503,"comment_status":"open","ping_status":"closed","template":"","meta":[],"product_brand":[],"product_cat":[58],"product_tag":[],"class_list":{"0":"post-9552","1":"product","2":"type-product","3":"status-publish","4":"has-post-thumbnail","6":"product_cat-olivenol","8":"first","9":"instock","10":"sale","11":"shipping-taxable","12":"purchasable","13":"product-type-simple"},"_links":{"self":[{"href":"https:\/\/bardoleat.com\/de\/wp-json\/wp\/v2\/product\/9552","targetHints":{"allow":["GET"]}}],"collection":[{"href":"https:\/\/bardoleat.com\/de\/wp-json\/wp\/v2\/product"}],"about":[{"href":"https:\/\/bardoleat.com\/de\/wp-json\/wp\/v2\/types\/product"}],"replies":[{"embeddable":true,"href":"https:\/\/bardoleat.com\/de\/wp-json\/wp\/v2\/comments?post=9552"}],"version-history":[{"count":3,"href":"https:\/\/bardoleat.com\/de\/wp-json\/wp\/v2\/product\/9552\/revisions"}],"predecessor-version":[{"id":18549,"href":"https:\/\/bardoleat.com\/de\/wp-json\/wp\/v2\/product\/9552\/revisions\/18549"}],"wp:featuredmedia":[{"embeddable":true,"href":"https:\/\/bardoleat.com\/de\/wp-json\/wp\/v2\/media\/12503"}],"wp:attachment":[{"href":"https:\/\/bardoleat.com\/de\/wp-json\/wp\/v2\/media?parent=9552"}],"wp:term":[{"taxonomy":"product_brand","embeddable":true,"href":"https:\/\/bardoleat.com\/de\/wp-json\/wp\/v2\/product_brand?post=9552"},{"taxonomy":"product_cat","embeddable":true,"href":"https:\/\/bardoleat.com\/de\/wp-json\/wp\/v2\/product_cat?post=9552"},{"taxonomy":"product_tag","embeddable":true,"href":"https:\/\/bardoleat.com\/de\/wp-json\/wp\/v2\/product_tag?post=9552"}],"curies":[{"name":"wp","href":"https:\/\/api.w.org\/{rel}","templated":true}]}}