{"id":11603,"date":"2022-04-25T17:24:11","date_gmt":"2022-04-25T15:24:11","guid":{"rendered":"https:\/\/bardoleat.com\/prodotto\/bardolino-classico-ca-bottura\/"},"modified":"2022-04-25T17:24:11","modified_gmt":"2022-04-25T15:24:11","slug":"bardolino-classico-ca-bottura","status":"publish","type":"product","link":"https:\/\/bardoleat.com\/en\/prodotto\/bardolino-classico-ca-bottura\/","title":{"rendered":"Bardolino Classico C\u00e0 Bottura"},"content":{"rendered":"<p>The wine sent may have a screw cap.<\/p>\n","protected":false},"excerpt":{"rendered":"<p>Bardolino is a young red wine with a pleasant, fresh flavour and aromas of fruit and spices. A simple, undemanding wine, suitable for every moment and every dish. Very good with pasta dishes of different varieties with meat, vegetable, mushroom and fish sauces. Delicious with legume soups, with stewed, baked and grilled barnyard meat. Interesting pairing with dishes based on mushrooms, chestnuts. On Lake Garda, Bardolino wine is traditionally served with polenta and Baccal\u00e0 (dried codfish) and Bollito misto con la Pear\u00e0 (mixed boiled meats with pear\u00e0), typical dishes of Veneto cuisine. In summer it is excellent drunk chilled 10 &#8211; 12 \u00b0C, fabulous with freshwater fish!<\/p>\n","protected":false},"featured_media":8662,"comment_status":"open","ping_status":"closed","template":"","meta":[],"product_brand":[],"product_cat":[102],"product_tag":[],"class_list":{"0":"post-11603","1":"product","2":"type-product","3":"status-publish","4":"has-post-thumbnail","6":"product_cat-wine-en","8":"first","9":"instock","10":"shipping-taxable","11":"purchasable","12":"product-type-simple"},"_links":{"self":[{"href":"https:\/\/bardoleat.com\/en\/wp-json\/wp\/v2\/product\/11603","targetHints":{"allow":["GET"]}}],"collection":[{"href":"https:\/\/bardoleat.com\/en\/wp-json\/wp\/v2\/product"}],"about":[{"href":"https:\/\/bardoleat.com\/en\/wp-json\/wp\/v2\/types\/product"}],"replies":[{"embeddable":true,"href":"https:\/\/bardoleat.com\/en\/wp-json\/wp\/v2\/comments?post=11603"}],"version-history":[{"count":0,"href":"https:\/\/bardoleat.com\/en\/wp-json\/wp\/v2\/product\/11603\/revisions"}],"wp:featuredmedia":[{"embeddable":true,"href":"https:\/\/bardoleat.com\/en\/wp-json\/wp\/v2\/media\/8662"}],"wp:attachment":[{"href":"https:\/\/bardoleat.com\/en\/wp-json\/wp\/v2\/media?parent=11603"}],"wp:term":[{"taxonomy":"product_brand","embeddable":true,"href":"https:\/\/bardoleat.com\/en\/wp-json\/wp\/v2\/product_brand?post=11603"},{"taxonomy":"product_cat","embeddable":true,"href":"https:\/\/bardoleat.com\/en\/wp-json\/wp\/v2\/product_cat?post=11603"},{"taxonomy":"product_tag","embeddable":true,"href":"https:\/\/bardoleat.com\/en\/wp-json\/wp\/v2\/product_tag?post=11603"}],"curies":[{"name":"wp","href":"https:\/\/api.w.org\/{rel}","templated":true}]}}